{"id":765,"date":"2022-05-05T11:32:29","date_gmt":"2022-05-05T11:32:29","guid":{"rendered":"https:\/\/neo-esse.com\/?page_id=765"},"modified":"2023-03-31T16:07:26","modified_gmt":"2023-03-31T16:07:26","slug":"terapia-sistemica-familiar","status":"publish","type":"page","link":"https:\/\/neo-esse.com\/ca\/terapia-sistemica-familiar","title":{"rendered":"Terapia Sist\u00e9mica Familiar"},"content":{"rendered":"\t\t<div data-elementor-type=\"wp-page\" data-elementor-id=\"765\" class=\"elementor elementor-765\">\n\t\t\t\t\t\t<section class=\"elementor-section elementor-top-section elementor-element elementor-element-1d8e694 elementor-section-full_width elementor-section-stretched elementor-section-height-default elementor-section-height-default\" data-id=\"1d8e694\" data-element_type=\"section\" data-settings=\"{&quot;stretch_section&quot;:&quot;section-stretched&quot;,&quot;animation&quot;:&quot;none&quot;}\">\n\t\t\t\t\t\t\t<div class=\"elementor-background-overlay\"><\/div>\n\t\t\t\t\t\t\t<div class=\"elementor-container elementor-column-gap-default\">\n\t\t\t\t\t<div class=\"elementor-column elementor-col-100 elementor-top-column elementor-element elementor-element-2d9530a\" data-id=\"2d9530a\" data-element_type=\"column\">\n\t\t\t<div class=\"elementor-widget-wrap elementor-element-populated\">\n\t\t\t\t\t\t<section class=\"elementor-section elementor-inner-section elementor-element elementor-element-164cc26 elementor-section-full_width elementor-section-height-default elementor-section-height-default\" data-id=\"164cc26\" data-element_type=\"section\">\n\t\t\t\t\t\t<div class=\"elementor-container elementor-column-gap-default\">\n\t\t\t\t\t<div class=\"elementor-column elementor-col-33 elementor-inner-column elementor-element elementor-element-64e7b76\" data-id=\"64e7b76\" data-element_type=\"column\">\n\t\t\t<div class=\"elementor-widget-wrap\">\n\t\t\t\t\t\t\t<\/div>\n\t\t<\/div>\n\t\t\t\t<div class=\"elementor-column elementor-col-33 elementor-inner-column elementor-element elementor-element-12ec7eb\" data-id=\"12ec7eb\" data-element_type=\"column\">\n\t\t\t<div class=\"elementor-widget-wrap elementor-element-populated\">\n\t\t\t\t\t\t<div class=\"elementor-element elementor-element-35af204 elementor-widget elementor-widget-spacer\" data-id=\"35af204\" data-element_type=\"widget\" data-widget_type=\"spacer.default\">\n\t\t\t\t<div class=\"elementor-widget-container\">\n\t\t\t<style>\/*! elementor - v3.21.0 - 26-05-2024 *\/\n.elementor-column .elementor-spacer-inner{height:var(--spacer-size)}.e-con{--container-widget-width:100%}.e-con-inner>.elementor-widget-spacer,.e-con>.elementor-widget-spacer{width:var(--container-widget-width,var(--spacer-size));--align-self:var(--container-widget-align-self,initial);--flex-shrink:0}.e-con-inner>.elementor-widget-spacer>.elementor-widget-container,.e-con>.elementor-widget-spacer>.elementor-widget-container{height:100%;width:100%}.e-con-inner>.elementor-widget-spacer>.elementor-widget-container>.elementor-spacer,.e-con>.elementor-widget-spacer>.elementor-widget-container>.elementor-spacer{height:100%}.e-con-inner>.elementor-widget-spacer>.elementor-widget-container>.elementor-spacer>.elementor-spacer-inner,.e-con>.elementor-widget-spacer>.elementor-widget-container>.elementor-spacer>.elementor-spacer-inner{height:var(--container-widget-height,var(--spacer-size))}.e-con-inner>.elementor-widget-spacer.elementor-widget-empty,.e-con>.elementor-widget-spacer.elementor-widget-empty{position:relative;min-height:22px;min-width:22px}.e-con-inner>.elementor-widget-spacer.elementor-widget-empty .elementor-widget-empty-icon,.e-con>.elementor-widget-spacer.elementor-widget-empty .elementor-widget-empty-icon{position:absolute;top:0;bottom:0;left:0;right:0;margin:auto;padding:0;width:22px;height:22px}<\/style>\t\t<div class=\"elementor-spacer\">\n\t\t\t<div class=\"elementor-spacer-inner\"><\/div>\n\t\t<\/div>\n\t\t\t\t<\/div>\n\t\t\t\t<\/div>\n\t\t\t\t<div class=\"elementor-element elementor-element-a06fe28 elementor-widget elementor-widget-heading\" data-id=\"a06fe28\" data-element_type=\"widget\" data-widget_type=\"heading.default\">\n\t\t\t\t<div class=\"elementor-widget-container\">\n\t\t\t<style>\/*! elementor - v3.21.0 - 26-05-2024 *\/\n.elementor-heading-title{padding:0;margin:0;line-height:1}.elementor-widget-heading .elementor-heading-title[class*=elementor-size-]>a{color:inherit;font-size:inherit;line-height:inherit}.elementor-widget-heading .elementor-heading-title.elementor-size-small{font-size:15px}.elementor-widget-heading .elementor-heading-title.elementor-size-medium{font-size:19px}.elementor-widget-heading .elementor-heading-title.elementor-size-large{font-size:29px}.elementor-widget-heading .elementor-heading-title.elementor-size-xl{font-size:39px}.elementor-widget-heading .elementor-heading-title.elementor-size-xxl{font-size:59px}<\/style><h1 class=\"elementor-heading-title elementor-size-default\">TER\u00c0PIA SIST\u00c8MICA FAMILIAR<\/h1>\t\t<\/div>\n\t\t\t\t<\/div>\n\t\t\t\t<div class=\"elementor-element elementor-element-b9eb1b8 elementor-widget elementor-widget-text-editor\" data-id=\"b9eb1b8\" data-element_type=\"widget\" data-widget_type=\"text-editor.default\">\n\t\t\t\t<div class=\"elementor-widget-container\">\n\t\t\t<style>\/*! elementor - v3.21.0 - 26-05-2024 *\/\n.elementor-widget-text-editor.elementor-drop-cap-view-stacked .elementor-drop-cap{background-color:#69727d;color:#fff}.elementor-widget-text-editor.elementor-drop-cap-view-framed .elementor-drop-cap{color:#69727d;border:3px solid;background-color:transparent}.elementor-widget-text-editor:not(.elementor-drop-cap-view-default) .elementor-drop-cap{margin-top:8px}.elementor-widget-text-editor:not(.elementor-drop-cap-view-default) .elementor-drop-cap-letter{width:1em;height:1em}.elementor-widget-text-editor .elementor-drop-cap{float:left;text-align:center;line-height:1;font-size:50px}.elementor-widget-text-editor .elementor-drop-cap-letter{display:inline-block}<\/style>\t\t\t\t<p>La Ter\u00e0pia Familiar Sist\u00e8mica, \u00e9s una ter\u00e0pia que ens permet ampliar la mirada, observant no nom\u00e9s la persona sin\u00f3 tamb\u00e9 el sistema familiar del que prov\u00e9, per a una major comprensi\u00f3 de la causa o origen del que la persona porta a consulta.<\/p>\t\t\t\t\t\t<\/div>\n\t\t\t\t<\/div>\n\t\t\t\t<div class=\"elementor-element elementor-element-ab42c6d elementor-widget elementor-widget-spacer\" data-id=\"ab42c6d\" data-element_type=\"widget\" data-widget_type=\"spacer.default\">\n\t\t\t\t<div class=\"elementor-widget-container\">\n\t\t\t\t\t<div class=\"elementor-spacer\">\n\t\t\t<div class=\"elementor-spacer-inner\"><\/div>\n\t\t<\/div>\n\t\t\t\t<\/div>\n\t\t\t\t<\/div>\n\t\t\t\t\t<\/div>\n\t\t<\/div>\n\t\t\t\t<div class=\"elementor-column elementor-col-33 elementor-inner-column elementor-element elementor-element-389eb25\" data-id=\"389eb25\" data-element_type=\"column\">\n\t\t\t<div class=\"elementor-widget-wrap\">\n\t\t\t\t\t\t\t<\/div>\n\t\t<\/div>\n\t\t\t\t\t<\/div>\n\t\t<\/section>\n\t\t\t\t\t<\/div>\n\t\t<\/div>\n\t\t\t\t\t<\/div>\n\t\t<\/section>\n\t\t\t\t<section class=\"elementor-section elementor-top-section elementor-element elementor-element-2f0b71cb elementor-section-boxed elementor-section-height-default elementor-section-height-default\" data-id=\"2f0b71cb\" data-element_type=\"section\" data-settings=\"{&quot;animation&quot;:&quot;none&quot;}\">\n\t\t\t\t\t\t<div class=\"elementor-container elementor-column-gap-default\">\n\t\t\t\t\t<div class=\"elementor-column elementor-col-100 elementor-top-column elementor-element elementor-element-76cc9bed\" data-id=\"76cc9bed\" data-element_type=\"column\">\n\t\t\t<div class=\"elementor-widget-wrap elementor-element-populated\">\n\t\t\t\t\t\t<div class=\"elementor-element elementor-element-7ab99de elementor-widget elementor-widget-spacer\" data-id=\"7ab99de\" data-element_type=\"widget\" data-widget_type=\"spacer.default\">\n\t\t\t\t<div class=\"elementor-widget-container\">\n\t\t\t\t\t<div class=\"elementor-spacer\">\n\t\t\t<div class=\"elementor-spacer-inner\"><\/div>\n\t\t<\/div>\n\t\t\t\t<\/div>\n\t\t\t\t<\/div>\n\t\t\t\t<div class=\"elementor-element elementor-element-ee6b2ba elementor-invisible elementor-widget elementor-widget-text-editor\" data-id=\"ee6b2ba\" data-element_type=\"widget\" data-settings=\"{&quot;_animation&quot;:&quot;fadeIn&quot;}\" data-widget_type=\"text-editor.default\">\n\t\t\t\t<div class=\"elementor-widget-container\">\n\t\t\t\t\t\t\t<p>Sabies que con\u00e8ixer els patrons familiars et pot ajudar a comprendre millor la teva pr\u00f2pia vida? Els patrons familiars s\u00f3n:<\/p><ul><li>La manera de relacionar-se entre els membres de la fam\u00edlia.<\/li><li>Els enlla\u00e7os damor i lleialtat que sestableixen.<\/li><li>Les creences que s&#8217;accepten o es rebutgen a la fam\u00edlia.<\/li><\/ul><p>Aquests patrons influeixen en el nostre funcionament a la vida i en moltes din\u00e0miques que ens resulten dif\u00edcils de canviar o d&#8217;entendre. Per aix\u00f2, \u00e9s important con\u00e8ixer i respectar les 3 lleis de l&#8217;ordre familiar:<\/p>\t\t\t\t\t\t<\/div>\n\t\t\t\t<\/div>\n\t\t\t\t<div class=\"elementor-element elementor-element-8eff9e7 elementor-widget elementor-widget-spacer\" data-id=\"8eff9e7\" data-element_type=\"widget\" data-widget_type=\"spacer.default\">\n\t\t\t\t<div class=\"elementor-widget-container\">\n\t\t\t\t\t<div class=\"elementor-spacer\">\n\t\t\t<div class=\"elementor-spacer-inner\"><\/div>\n\t\t<\/div>\n\t\t\t\t<\/div>\n\t\t\t\t<\/div>\n\t\t\t\t\t<\/div>\n\t\t<\/div>\n\t\t\t\t\t<\/div>\n\t\t<\/section>\n\t\t\t\t<section class=\"elementor-section elementor-top-section elementor-element elementor-element-3689cda elementor-section-boxed elementor-section-height-default elementor-section-height-default\" data-id=\"3689cda\" data-element_type=\"section\">\n\t\t\t\t\t\t<div class=\"elementor-container elementor-column-gap-default\">\n\t\t\t\t\t<div class=\"elementor-column elementor-col-33 elementor-top-column elementor-element elementor-element-edfaa14 elementor-invisible\" data-id=\"edfaa14\" data-element_type=\"column\" data-settings=\"{&quot;animation&quot;:&quot;fadeInUp&quot;}\">\n\t\t\t<div class=\"elementor-widget-wrap elementor-element-populated\">\n\t\t\t\t\t\t<div class=\"elementor-element elementor-element-551fb66 elementor-widget elementor-widget-image\" data-id=\"551fb66\" data-element_type=\"widget\" data-widget_type=\"image.default\">\n\t\t\t\t<div class=\"elementor-widget-container\">\n\t\t\t<style>\/*! elementor - v3.21.0 - 26-05-2024 *\/\n.elementor-widget-image{text-align:center}.elementor-widget-image a{display:inline-block}.elementor-widget-image a img[src$=\".svg\"]{width:48px}.elementor-widget-image img{vertical-align:middle;display:inline-block}<\/style>\t\t\t\t\t\t\t\t\t\t<img fetchpriority=\"high\" decoding=\"async\" width=\"500\" height=\"500\" src=\"https:\/\/neo-esse.com\/wp-content\/uploads\/2023\/03\/pertenencia.png\" class=\"attachment-large size-large wp-image-724\" alt=\"\" srcset=\"https:\/\/neo-esse.com\/wp-content\/uploads\/2023\/03\/pertenencia.png 500w, https:\/\/neo-esse.com\/wp-content\/uploads\/2023\/03\/pertenencia-300x300.png 300w, https:\/\/neo-esse.com\/wp-content\/uploads\/2023\/03\/pertenencia-150x150.png 150w\" sizes=\"(max-width: 500px) 100vw, 500px\" \/>\t\t\t\t\t\t\t\t\t\t\t\t\t<\/div>\n\t\t\t\t<\/div>\n\t\t\t\t<div class=\"elementor-element elementor-element-4aa57fa elementor-widget elementor-widget-text-editor\" data-id=\"4aa57fa\" data-element_type=\"widget\" data-widget_type=\"text-editor.default\">\n\t\t\t\t<div class=\"elementor-widget-container\">\n\t\t\t\t\t\t\t<p style=\"text-align: center;\"><strong>1. La Pertinen\u00e7a:<\/strong> Tot membre t\u00e9 dret a pert\u00e0nyer a la fam\u00edlia, sense importar-ne les caracter\u00edstiques o circumst\u00e0ncies.<\/p>\t\t\t\t\t\t<\/div>\n\t\t\t\t<\/div>\n\t\t\t\t\t<\/div>\n\t\t<\/div>\n\t\t\t\t<div class=\"elementor-column elementor-col-33 elementor-top-column elementor-element elementor-element-3fe2af1 elementor-invisible\" data-id=\"3fe2af1\" data-element_type=\"column\" data-settings=\"{&quot;animation&quot;:&quot;fadeInUp&quot;}\">\n\t\t\t<div class=\"elementor-widget-wrap elementor-element-populated\">\n\t\t\t\t\t\t<div class=\"elementor-element elementor-element-f8efb47 elementor-widget elementor-widget-image\" data-id=\"f8efb47\" data-element_type=\"widget\" data-widget_type=\"image.default\">\n\t\t\t\t<div class=\"elementor-widget-container\">\n\t\t\t\t\t\t\t\t\t\t\t\t\t<img decoding=\"async\" width=\"500\" height=\"500\" src=\"https:\/\/neo-esse.com\/wp-content\/uploads\/2023\/03\/jerarqui.png\" class=\"attachment-large size-large wp-image-723\" alt=\"\" srcset=\"https:\/\/neo-esse.com\/wp-content\/uploads\/2023\/03\/jerarqui.png 500w, https:\/\/neo-esse.com\/wp-content\/uploads\/2023\/03\/jerarqui-300x300.png 300w, https:\/\/neo-esse.com\/wp-content\/uploads\/2023\/03\/jerarqui-150x150.png 150w\" sizes=\"(max-width: 500px) 100vw, 500px\" \/>\t\t\t\t\t\t\t\t\t\t\t\t\t<\/div>\n\t\t\t\t<\/div>\n\t\t\t\t<div class=\"elementor-element elementor-element-ff3e9eb elementor-widget elementor-widget-text-editor\" data-id=\"ff3e9eb\" data-element_type=\"widget\" data-widget_type=\"text-editor.default\">\n\t\t\t\t<div class=\"elementor-widget-container\">\n\t\t\t\t\t\t\t<p style=\"text-align: center;\"><strong>2. La Jerarquia:<\/strong> Tot membre t\u00e9 lloc segons l&#8217;ordre d&#8217;arribada. Els pares s\u00f3n els primers i els grans, i els fills segueixen per ordre de naixement. Si alg\u00fa ocupa el lloc d&#8217;un altre, es produeix un desordre que afecta l&#8217;equilibri familiar. \u00c9s com si un planeta o una estrella canvi\u00e9s de posici\u00f3 a la gal\u00e0xia: seria catastr\u00f2fic.<\/p>\t\t\t\t\t\t<\/div>\n\t\t\t\t<\/div>\n\t\t\t\t\t<\/div>\n\t\t<\/div>\n\t\t\t\t<div class=\"elementor-column elementor-col-33 elementor-top-column elementor-element elementor-element-f067f0a elementor-invisible\" data-id=\"f067f0a\" data-element_type=\"column\" data-settings=\"{&quot;animation&quot;:&quot;fadeInUp&quot;}\">\n\t\t\t<div class=\"elementor-widget-wrap elementor-element-populated\">\n\t\t\t\t\t\t<div class=\"elementor-element elementor-element-ca2d1ec elementor-widget elementor-widget-image\" data-id=\"ca2d1ec\" data-element_type=\"widget\" data-widget_type=\"image.default\">\n\t\t\t\t<div class=\"elementor-widget-container\">\n\t\t\t\t\t\t\t\t\t\t\t\t\t<img decoding=\"async\" width=\"500\" height=\"500\" src=\"https:\/\/neo-esse.com\/wp-content\/uploads\/2023\/03\/dar-tomar.png\" class=\"attachment-large size-large wp-image-722\" alt=\"\" srcset=\"https:\/\/neo-esse.com\/wp-content\/uploads\/2023\/03\/dar-tomar.png 500w, https:\/\/neo-esse.com\/wp-content\/uploads\/2023\/03\/dar-tomar-300x300.png 300w, https:\/\/neo-esse.com\/wp-content\/uploads\/2023\/03\/dar-tomar-150x150.png 150w\" sizes=\"(max-width: 500px) 100vw, 500px\" \/>\t\t\t\t\t\t\t\t\t\t\t\t\t<\/div>\n\t\t\t\t<\/div>\n\t\t\t\t<div class=\"elementor-element elementor-element-2cfdc82 elementor-widget elementor-widget-text-editor\" data-id=\"2cfdc82\" data-element_type=\"widget\" data-widget_type=\"text-editor.default\">\n\t\t\t\t<div class=\"elementor-widget-container\">\n\t\t\t\t\t\t\t<p style=\"text-align: center;\"><strong>3. L&#8217;equilibri entre donar i rebre:<\/strong> Tot membre ha de donar i rebre en proporci\u00f3 al seu lloc i el seu rol. Si alg\u00fa d\u00f3na massa i rep poc o res, oa l&#8217;inrev\u00e9s, es trenca l&#8217;harmonia familiar.<\/p>\t\t\t\t\t\t<\/div>\n\t\t\t\t<\/div>\n\t\t\t\t\t<\/div>\n\t\t<\/div>\n\t\t\t\t\t<\/div>\n\t\t<\/section>\n\t\t\t\t<section class=\"elementor-section elementor-top-section elementor-element elementor-element-3351162 elementor-section-boxed elementor-section-height-default elementor-section-height-default\" data-id=\"3351162\" data-element_type=\"section\">\n\t\t\t\t\t\t<div class=\"elementor-container elementor-column-gap-default\">\n\t\t\t\t\t<div class=\"elementor-column elementor-col-100 elementor-top-column elementor-element elementor-element-674544f\" data-id=\"674544f\" data-element_type=\"column\">\n\t\t\t<div class=\"elementor-widget-wrap elementor-element-populated\">\n\t\t\t\t\t\t<div class=\"elementor-element elementor-element-69a8e9a elementor-widget elementor-widget-spacer\" data-id=\"69a8e9a\" data-element_type=\"widget\" data-widget_type=\"spacer.default\">\n\t\t\t\t<div class=\"elementor-widget-container\">\n\t\t\t\t\t<div class=\"elementor-spacer\">\n\t\t\t<div class=\"elementor-spacer-inner\"><\/div>\n\t\t<\/div>\n\t\t\t\t<\/div>\n\t\t\t\t<\/div>\n\t\t\t\t\t<\/div>\n\t\t<\/div>\n\t\t\t\t\t<\/div>\n\t\t<\/section>\n\t\t\t\t<section class=\"elementor-section elementor-top-section elementor-element elementor-element-7612d99 elementor-section-boxed elementor-section-height-default elementor-section-height-default elementor-invisible\" data-id=\"7612d99\" data-element_type=\"section\" data-settings=\"{&quot;animation&quot;:&quot;fadeIn&quot;}\">\n\t\t\t\t\t\t<div class=\"elementor-container elementor-column-gap-default\">\n\t\t\t\t\t<div class=\"elementor-column elementor-col-100 elementor-top-column elementor-element elementor-element-752839d\" data-id=\"752839d\" data-element_type=\"column\">\n\t\t\t<div class=\"elementor-widget-wrap elementor-element-populated\">\n\t\t\t\t\t\t<div class=\"elementor-element elementor-element-2d85b98 elementor-widget elementor-widget-text-editor\" data-id=\"2d85b98\" data-element_type=\"widget\" data-widget_type=\"text-editor.default\">\n\t\t\t\t<div class=\"elementor-widget-container\">\n\t\t\t\t\t\t\t<p>Aquestes lleis ens ajuden a entendre per qu\u00e8 de vegades prenem camins o decisions que no ens fan sentir realitzats o feli\u00e7os. Per exemple, potser alg\u00fa es fa c\u00e0rrec del negoci familiar per tradici\u00f3 o per lleialtat, sense plantejar-se si \u00e9s el que realment vol.<\/p>\t\t\t\t\t\t<\/div>\n\t\t\t\t<\/div>\n\t\t\t\t\t<\/div>\n\t\t<\/div>\n\t\t\t\t\t<\/div>\n\t\t<\/section>\n\t\t\t\t<section class=\"elementor-section elementor-top-section elementor-element elementor-element-5591dd2 elementor-section-boxed elementor-section-height-default elementor-section-height-default\" data-id=\"5591dd2\" data-element_type=\"section\">\n\t\t\t\t\t\t<div class=\"elementor-container elementor-column-gap-default\">\n\t\t\t\t\t<div class=\"elementor-column elementor-col-50 elementor-top-column elementor-element elementor-element-966a0bc\" data-id=\"966a0bc\" data-element_type=\"column\" data-settings=\"{&quot;animation&quot;:&quot;none&quot;}\">\n\t\t\t<div class=\"elementor-widget-wrap elementor-element-populated\">\n\t\t\t\t\t\t<div class=\"elementor-element elementor-element-db13007 elementor-widget elementor-widget-spacer\" data-id=\"db13007\" data-element_type=\"widget\" data-widget_type=\"spacer.default\">\n\t\t\t\t<div class=\"elementor-widget-container\">\n\t\t\t\t\t<div class=\"elementor-spacer\">\n\t\t\t<div class=\"elementor-spacer-inner\"><\/div>\n\t\t<\/div>\n\t\t\t\t<\/div>\n\t\t\t\t<\/div>\n\t\t\t\t<div class=\"elementor-element elementor-element-b9232ae elementor-widget elementor-widget-image\" data-id=\"b9232ae\" data-element_type=\"widget\" data-widget_type=\"image.default\">\n\t\t\t\t<div class=\"elementor-widget-container\">\n\t\t\t\t\t\t\t\t\t\t\t\t\t<img loading=\"lazy\" decoding=\"async\" width=\"1024\" height=\"1024\" src=\"https:\/\/neo-esse.com\/wp-content\/uploads\/2023\/03\/3-1024x1024.png\" class=\"attachment-large size-large wp-image-710\" alt=\"\" srcset=\"https:\/\/neo-esse.com\/wp-content\/uploads\/2023\/03\/3-1024x1024.png 1024w, https:\/\/neo-esse.com\/wp-content\/uploads\/2023\/03\/3-300x300.png 300w, https:\/\/neo-esse.com\/wp-content\/uploads\/2023\/03\/3-150x150.png 150w, https:\/\/neo-esse.com\/wp-content\/uploads\/2023\/03\/3-768x768.png 768w, https:\/\/neo-esse.com\/wp-content\/uploads\/2023\/03\/3.png 1080w\" sizes=\"(max-width: 1024px) 100vw, 1024px\" \/>\t\t\t\t\t\t\t\t\t\t\t\t\t<\/div>\n\t\t\t\t<\/div>\n\t\t\t\t\t<\/div>\n\t\t<\/div>\n\t\t\t\t<div class=\"elementor-column elementor-col-50 elementor-top-column elementor-element elementor-element-8793828\" data-id=\"8793828\" data-element_type=\"column\" data-settings=\"{&quot;animation&quot;:&quot;none&quot;}\">\n\t\t\t<div class=\"elementor-widget-wrap elementor-element-populated\">\n\t\t\t\t\t\t<div class=\"elementor-element elementor-element-6016bebe elementor-widget elementor-widget-text-editor\" data-id=\"6016bebe\" data-element_type=\"widget\" data-widget_type=\"text-editor.default\">\n\t\t\t\t<div class=\"elementor-widget-container\">\n\t\t\t\t\t\t\t<p><strong>T&#8217;has preguntat mai per qu\u00e8 repeteixes certs patrons o pateixes sense ra\u00f3 aparent?<\/strong> La resposta pot estar al teu sistema familiar. I \u00e9s que:<\/p><ul><li>El que no es resol en una generaci\u00f3 queda com una marca al sistema familiar.<\/li><li>Les generacions seg\u00fcents hereten de forma inconscient aquesta marca i busquen solucionar-la.<\/li><li>Aquesta cerca es pot manifestar en conductes o emocions que no entenem o que ens perjudiquen.<\/li><\/ul><p>\u00c9s com si alg\u00fa trenqu\u00e9s una carretera a la nit i altres persones intentessin arreglar-la al mat\u00ed, sense saber qui ho va fer ni per qu\u00e8. Aix\u00ed, podem estar carregant el dolor d&#8217;una guerra, la p\u00e8rdua d&#8217;un fill, la gana o qualsevol altra situaci\u00f3 que van viure els nostres avantpassats.<\/p><p>Per alliberar-nos d&#8217;aquestes c\u00e0rregues i viure de manera m\u00e9s plena, \u00e9s important comprendre el nostre sistema familiar. Aquesta ter\u00e0pia ens ofereix:<\/p><ul><li>Una mirada renovada sobre la nostra hist\u00f2ria familiar.<\/li><li>Una comprensi\u00f3 m\u00e9s profunda i completa del nostre funcionament a la vida.<\/li><li>Una soluci\u00f3 favorable per a nosaltres i per al nostre sistema familiar.<\/li><\/ul>\t\t\t\t\t\t<\/div>\n\t\t\t\t<\/div>\n\t\t\t\t\t<\/div>\n\t\t<\/div>\n\t\t\t\t\t<\/div>\n\t\t<\/section>\n\t\t\t\t<\/div>\n\t\t","protected":false},"excerpt":{"rendered":"<p>TER\u00c0PIA SIST\u00c8MICA FAMILIAR La Ter\u00e0pia Familiar Sist\u00e8mica, \u00e9s una ter\u00e0pia que ens permet ampliar la mirada, observant no nom\u00e9s la persona sin\u00f3 tamb\u00e9 el sistema familiar del que prov\u00e9, per a una major comprensi\u00f3 de la causa o origen del que la persona porta a consulta. Sabies que con\u00e8ixer els patrons familiars et pot ajudar &#8230; <a title=\"Terapia Sist\u00e9mica Familiar\" class=\"read-more\" href=\"https:\/\/neo-esse.com\/ca\/terapia-sistemica-familiar\" aria-label=\"More on Terapia Sist\u00e9mica Familiar\">Leer m\u00e1s<\/a><\/p>\n","protected":false},"author":2,"featured_media":0,"parent":0,"menu_order":0,"comment_status":"closed","ping_status":"closed","template":"","meta":{"footnotes":""},"_links":{"self":[{"href":"https:\/\/neo-esse.com\/ca\/wp-json\/wp\/v2\/pages\/765"}],"collection":[{"href":"https:\/\/neo-esse.com\/ca\/wp-json\/wp\/v2\/pages"}],"about":[{"href":"https:\/\/neo-esse.com\/ca\/wp-json\/wp\/v2\/types\/page"}],"author":[{"embeddable":true,"href":"https:\/\/neo-esse.com\/ca\/wp-json\/wp\/v2\/users\/2"}],"replies":[{"embeddable":true,"href":"https:\/\/neo-esse.com\/ca\/wp-json\/wp\/v2\/comments?post=765"}],"version-history":[{"count":7,"href":"https:\/\/neo-esse.com\/ca\/wp-json\/wp\/v2\/pages\/765\/revisions"}],"predecessor-version":[{"id":772,"href":"https:\/\/neo-esse.com\/ca\/wp-json\/wp\/v2\/pages\/765\/revisions\/772"}],"wp:attachment":[{"href":"https:\/\/neo-esse.com\/ca\/wp-json\/wp\/v2\/media?parent=765"}],"curies":[{"name":"wp","href":"https:\/\/api.w.org\/{rel}","templated":true}]}}