{"id":773,"date":"2021-02-03T11:27:12","date_gmt":"2021-02-03T11:27:12","guid":{"rendered":"https:\/\/neo-esse.com\/?page_id=773"},"modified":"2023-03-31T16:09:37","modified_gmt":"2023-03-31T16:09:37","slug":"terapia-infantil","status":"publish","type":"page","link":"https:\/\/neo-esse.com\/ca\/terapia-infantil","title":{"rendered":"Terapia Infantil"},"content":{"rendered":"\t\t<div data-elementor-type=\"wp-page\" data-elementor-id=\"773\" class=\"elementor elementor-773\">\n\t\t\t\t\t\t<section class=\"elementor-section elementor-top-section elementor-element elementor-element-2bab6bd elementor-section-full_width elementor-section-stretched elementor-section-height-default elementor-section-height-default\" data-id=\"2bab6bd\" data-element_type=\"section\" data-settings=\"{&quot;stretch_section&quot;:&quot;section-stretched&quot;,&quot;animation&quot;:&quot;none&quot;}\">\n\t\t\t\t\t\t\t<div class=\"elementor-background-overlay\"><\/div>\n\t\t\t\t\t\t\t<div class=\"elementor-container elementor-column-gap-default\">\n\t\t\t\t\t<div class=\"elementor-column elementor-col-33 elementor-top-column elementor-element elementor-element-5464b3b\" data-id=\"5464b3b\" data-element_type=\"column\">\n\t\t\t<div class=\"elementor-widget-wrap\">\n\t\t\t\t\t\t\t<\/div>\n\t\t<\/div>\n\t\t\t\t<div class=\"elementor-column elementor-col-33 elementor-top-column elementor-element elementor-element-766e4e7\" data-id=\"766e4e7\" data-element_type=\"column\">\n\t\t\t<div class=\"elementor-widget-wrap elementor-element-populated\">\n\t\t\t\t\t\t<div class=\"elementor-element elementor-element-7784df4 elementor-widget elementor-widget-spacer\" data-id=\"7784df4\" data-element_type=\"widget\" data-widget_type=\"spacer.default\">\n\t\t\t\t<div class=\"elementor-widget-container\">\n\t\t\t<style>\/*! elementor - v3.21.0 - 26-05-2024 *\/\n.elementor-column .elementor-spacer-inner{height:var(--spacer-size)}.e-con{--container-widget-width:100%}.e-con-inner>.elementor-widget-spacer,.e-con>.elementor-widget-spacer{width:var(--container-widget-width,var(--spacer-size));--align-self:var(--container-widget-align-self,initial);--flex-shrink:0}.e-con-inner>.elementor-widget-spacer>.elementor-widget-container,.e-con>.elementor-widget-spacer>.elementor-widget-container{height:100%;width:100%}.e-con-inner>.elementor-widget-spacer>.elementor-widget-container>.elementor-spacer,.e-con>.elementor-widget-spacer>.elementor-widget-container>.elementor-spacer{height:100%}.e-con-inner>.elementor-widget-spacer>.elementor-widget-container>.elementor-spacer>.elementor-spacer-inner,.e-con>.elementor-widget-spacer>.elementor-widget-container>.elementor-spacer>.elementor-spacer-inner{height:var(--container-widget-height,var(--spacer-size))}.e-con-inner>.elementor-widget-spacer.elementor-widget-empty,.e-con>.elementor-widget-spacer.elementor-widget-empty{position:relative;min-height:22px;min-width:22px}.e-con-inner>.elementor-widget-spacer.elementor-widget-empty .elementor-widget-empty-icon,.e-con>.elementor-widget-spacer.elementor-widget-empty .elementor-widget-empty-icon{position:absolute;top:0;bottom:0;left:0;right:0;margin:auto;padding:0;width:22px;height:22px}<\/style>\t\t<div class=\"elementor-spacer\">\n\t\t\t<div class=\"elementor-spacer-inner\"><\/div>\n\t\t<\/div>\n\t\t\t\t<\/div>\n\t\t\t\t<\/div>\n\t\t\t\t<div class=\"elementor-element elementor-element-43313f1 elementor-widget elementor-widget-heading\" data-id=\"43313f1\" data-element_type=\"widget\" data-widget_type=\"heading.default\">\n\t\t\t\t<div class=\"elementor-widget-container\">\n\t\t\t<style>\/*! elementor - v3.21.0 - 26-05-2024 *\/\n.elementor-heading-title{padding:0;margin:0;line-height:1}.elementor-widget-heading .elementor-heading-title[class*=elementor-size-]>a{color:inherit;font-size:inherit;line-height:inherit}.elementor-widget-heading .elementor-heading-title.elementor-size-small{font-size:15px}.elementor-widget-heading .elementor-heading-title.elementor-size-medium{font-size:19px}.elementor-widget-heading .elementor-heading-title.elementor-size-large{font-size:29px}.elementor-widget-heading .elementor-heading-title.elementor-size-xl{font-size:39px}.elementor-widget-heading .elementor-heading-title.elementor-size-xxl{font-size:59px}<\/style><h2 class=\"elementor-heading-title elementor-size-default\">TER\u00c0PIA INFANTIL<\/h2>\t\t<\/div>\n\t\t\t\t<\/div>\n\t\t\t\t<div class=\"elementor-element elementor-element-0c32590 elementor-widget elementor-widget-text-editor\" data-id=\"0c32590\" data-element_type=\"widget\" data-widget_type=\"text-editor.default\">\n\t\t\t\t<div class=\"elementor-widget-container\">\n\t\t\t<style>\/*! elementor - v3.21.0 - 26-05-2024 *\/\n.elementor-widget-text-editor.elementor-drop-cap-view-stacked .elementor-drop-cap{background-color:#69727d;color:#fff}.elementor-widget-text-editor.elementor-drop-cap-view-framed .elementor-drop-cap{color:#69727d;border:3px solid;background-color:transparent}.elementor-widget-text-editor:not(.elementor-drop-cap-view-default) .elementor-drop-cap{margin-top:8px}.elementor-widget-text-editor:not(.elementor-drop-cap-view-default) .elementor-drop-cap-letter{width:1em;height:1em}.elementor-widget-text-editor .elementor-drop-cap{float:left;text-align:center;line-height:1;font-size:50px}.elementor-widget-text-editor .elementor-drop-cap-letter{display:inline-block}<\/style>\t\t\t\t<p>Totes les ter\u00e0pies que integro en sessi\u00f3 s\u00f3n igualment \u00fatils amb els nens. Simplement que l&#8217;abordatge \u00e9s diferent, tenint en compte el seu desenvolupament, l&#8217;assumpte a tractar, el seu estat o situaci\u00f3 actual i altres factors.<\/p>\t\t\t\t\t\t<\/div>\n\t\t\t\t<\/div>\n\t\t\t\t<div class=\"elementor-element elementor-element-97b8701 elementor-widget elementor-widget-spacer\" data-id=\"97b8701\" data-element_type=\"widget\" data-widget_type=\"spacer.default\">\n\t\t\t\t<div class=\"elementor-widget-container\">\n\t\t\t\t\t<div class=\"elementor-spacer\">\n\t\t\t<div class=\"elementor-spacer-inner\"><\/div>\n\t\t<\/div>\n\t\t\t\t<\/div>\n\t\t\t\t<\/div>\n\t\t\t\t\t<\/div>\n\t\t<\/div>\n\t\t\t\t<div class=\"elementor-column elementor-col-33 elementor-top-column elementor-element elementor-element-a8a6e10\" data-id=\"a8a6e10\" data-element_type=\"column\">\n\t\t\t<div class=\"elementor-widget-wrap\">\n\t\t\t\t\t\t\t<\/div>\n\t\t<\/div>\n\t\t\t\t\t<\/div>\n\t\t<\/section>\n\t\t\t\t<section class=\"elementor-section elementor-top-section elementor-element elementor-element-17fa6422 elementor-section-boxed elementor-section-height-default elementor-section-height-default\" data-id=\"17fa6422\" data-element_type=\"section\">\n\t\t\t\t\t\t<div class=\"elementor-container elementor-column-gap-default\">\n\t\t\t\t\t<div class=\"elementor-column elementor-col-50 elementor-top-column elementor-element elementor-element-147e21fb\" data-id=\"147e21fb\" data-element_type=\"column\" data-settings=\"{&quot;animation&quot;:&quot;none&quot;}\">\n\t\t\t<div class=\"elementor-widget-wrap elementor-element-populated\">\n\t\t\t\t\t\t<div class=\"elementor-element elementor-element-a3ab8c5 elementor-invisible elementor-widget elementor-widget-text-editor\" data-id=\"a3ab8c5\" data-element_type=\"widget\" data-settings=\"{&quot;_animation&quot;:&quot;fadeIn&quot;}\" data-widget_type=\"text-editor.default\">\n\t\t\t\t<div class=\"elementor-widget-container\">\n\t\t\t\t\t\t\t<p>Els nens treballen molt r\u00e0pid en sessi\u00f3 i \u00e9s gratificant veure els canvis que fan en poc temps. Ells no tenen prejudicis ni s\u00f3n tan racionals com ho solen ser els adults.<\/p>\n<p>\u00a0<\/p>\n<p><br \/>El format de la sessi\u00f3 \u00e9s molt cur\u00f3s i es fan servir elements que permeten que el nen se senti segur i acompanyat.<\/p>\n<p>\u00a0<\/p>\n<p><br \/>Les sessions individuals sempre es faran en pres\u00e8ncia de l&#8217;adult que us acompanyi, vetllant sempre per la tranquil\u00b7litat i seguretat de l&#8217;infant.<\/p>\t\t\t\t\t\t<\/div>\n\t\t\t\t<\/div>\n\t\t\t\t\t<\/div>\n\t\t<\/div>\n\t\t\t\t<div class=\"elementor-column elementor-col-50 elementor-top-column elementor-element elementor-element-cd018af\" data-id=\"cd018af\" data-element_type=\"column\" data-settings=\"{&quot;animation&quot;:&quot;none&quot;}\">\n\t\t\t<div class=\"elementor-widget-wrap elementor-element-populated\">\n\t\t\t\t\t\t<div class=\"elementor-element elementor-element-9cb55ed elementor-invisible elementor-widget elementor-widget-image\" data-id=\"9cb55ed\" data-element_type=\"widget\" data-settings=\"{&quot;_animation&quot;:&quot;fadeIn&quot;}\" data-widget_type=\"image.default\">\n\t\t\t\t<div class=\"elementor-widget-container\">\n\t\t\t<style>\/*! elementor - v3.21.0 - 26-05-2024 *\/\n.elementor-widget-image{text-align:center}.elementor-widget-image a{display:inline-block}.elementor-widget-image a img[src$=\".svg\"]{width:48px}.elementor-widget-image img{vertical-align:middle;display:inline-block}<\/style>\t\t\t\t\t\t\t\t\t\t<img fetchpriority=\"high\" decoding=\"async\" width=\"1024\" height=\"1024\" src=\"https:\/\/neo-esse.com\/wp-content\/uploads\/2023\/03\/6-1024x1024.png\" class=\"attachment-large size-large wp-image-713\" alt=\"\" srcset=\"https:\/\/neo-esse.com\/wp-content\/uploads\/2023\/03\/6-1024x1024.png 1024w, https:\/\/neo-esse.com\/wp-content\/uploads\/2023\/03\/6-300x300.png 300w, https:\/\/neo-esse.com\/wp-content\/uploads\/2023\/03\/6-150x150.png 150w, https:\/\/neo-esse.com\/wp-content\/uploads\/2023\/03\/6-768x768.png 768w, https:\/\/neo-esse.com\/wp-content\/uploads\/2023\/03\/6.png 1080w\" sizes=\"(max-width: 1024px) 100vw, 1024px\" \/>\t\t\t\t\t\t\t\t\t\t\t\t\t<\/div>\n\t\t\t\t<\/div>\n\t\t\t\t\t<\/div>\n\t\t<\/div>\n\t\t\t\t\t<\/div>\n\t\t<\/section>\n\t\t\t\t<\/div>\n\t\t","protected":false},"excerpt":{"rendered":"<p>TER\u00c0PIA INFANTIL Totes les ter\u00e0pies que integro en sessi\u00f3 s\u00f3n igualment \u00fatils amb els nens. Simplement que l&#8217;abordatge \u00e9s diferent, tenint en compte el seu desenvolupament, l&#8217;assumpte a tractar, el seu estat o situaci\u00f3 actual i altres factors. Els nens treballen molt r\u00e0pid en sessi\u00f3 i \u00e9s gratificant veure els canvis que fan en poc &#8230; <a title=\"Terapia Infantil\" class=\"read-more\" href=\"https:\/\/neo-esse.com\/ca\/terapia-infantil\" aria-label=\"More on Terapia Infantil\">Leer m\u00e1s<\/a><\/p>\n","protected":false},"author":2,"featured_media":0,"parent":0,"menu_order":0,"comment_status":"closed","ping_status":"closed","template":"","meta":{"footnotes":""},"_links":{"self":[{"href":"https:\/\/neo-esse.com\/ca\/wp-json\/wp\/v2\/pages\/773"}],"collection":[{"href":"https:\/\/neo-esse.com\/ca\/wp-json\/wp\/v2\/pages"}],"about":[{"href":"https:\/\/neo-esse.com\/ca\/wp-json\/wp\/v2\/types\/page"}],"author":[{"embeddable":true,"href":"https:\/\/neo-esse.com\/ca\/wp-json\/wp\/v2\/users\/2"}],"replies":[{"embeddable":true,"href":"https:\/\/neo-esse.com\/ca\/wp-json\/wp\/v2\/comments?post=773"}],"version-history":[{"count":5,"href":"https:\/\/neo-esse.com\/ca\/wp-json\/wp\/v2\/pages\/773\/revisions"}],"predecessor-version":[{"id":778,"href":"https:\/\/neo-esse.com\/ca\/wp-json\/wp\/v2\/pages\/773\/revisions\/778"}],"wp:attachment":[{"href":"https:\/\/neo-esse.com\/ca\/wp-json\/wp\/v2\/media?parent=773"}],"curies":[{"name":"wp","href":"https:\/\/api.w.org\/{rel}","templated":true}]}}