{"id":779,"date":"2020-06-29T08:18:06","date_gmt":"2020-06-29T08:18:06","guid":{"rendered":"https:\/\/neo-esse.com\/?page_id=779"},"modified":"2023-03-31T16:13:07","modified_gmt":"2023-03-31T16:13:07","slug":"psico-referencial","status":"publish","type":"page","link":"https:\/\/neo-esse.com\/ca\/psico-referencial","title":{"rendered":"PSICO-REFERENCIAL"},"content":{"rendered":"\t\t<div data-elementor-type=\"wp-page\" data-elementor-id=\"779\" class=\"elementor elementor-779\">\n\t\t\t\t\t\t<section class=\"elementor-section elementor-top-section elementor-element elementor-element-895b0e2 elementor-section-full_width elementor-section-stretched elementor-section-height-default elementor-section-height-default elementor-invisible\" data-id=\"895b0e2\" data-element_type=\"section\" data-settings=\"{&quot;stretch_section&quot;:&quot;section-stretched&quot;,&quot;background_background&quot;:&quot;classic&quot;,&quot;animation&quot;:&quot;fadeIn&quot;}\">\n\t\t\t\t\t\t\t<div class=\"elementor-background-overlay\"><\/div>\n\t\t\t\t\t\t\t<div class=\"elementor-container elementor-column-gap-default\">\n\t\t\t\t\t<div class=\"elementor-column elementor-col-33 elementor-top-column elementor-element elementor-element-741697c\" data-id=\"741697c\" data-element_type=\"column\">\n\t\t\t<div class=\"elementor-widget-wrap\">\n\t\t\t\t\t\t\t<\/div>\n\t\t<\/div>\n\t\t\t\t<div class=\"elementor-column elementor-col-33 elementor-top-column elementor-element elementor-element-6cd7d78\" data-id=\"6cd7d78\" data-element_type=\"column\">\n\t\t\t<div class=\"elementor-widget-wrap elementor-element-populated\">\n\t\t\t\t\t\t<div class=\"elementor-element elementor-element-f181b17 elementor-widget elementor-widget-spacer\" data-id=\"f181b17\" data-element_type=\"widget\" data-widget_type=\"spacer.default\">\n\t\t\t\t<div class=\"elementor-widget-container\">\n\t\t\t<style>\/*! elementor - v3.21.0 - 26-05-2024 *\/\n.elementor-column .elementor-spacer-inner{height:var(--spacer-size)}.e-con{--container-widget-width:100%}.e-con-inner>.elementor-widget-spacer,.e-con>.elementor-widget-spacer{width:var(--container-widget-width,var(--spacer-size));--align-self:var(--container-widget-align-self,initial);--flex-shrink:0}.e-con-inner>.elementor-widget-spacer>.elementor-widget-container,.e-con>.elementor-widget-spacer>.elementor-widget-container{height:100%;width:100%}.e-con-inner>.elementor-widget-spacer>.elementor-widget-container>.elementor-spacer,.e-con>.elementor-widget-spacer>.elementor-widget-container>.elementor-spacer{height:100%}.e-con-inner>.elementor-widget-spacer>.elementor-widget-container>.elementor-spacer>.elementor-spacer-inner,.e-con>.elementor-widget-spacer>.elementor-widget-container>.elementor-spacer>.elementor-spacer-inner{height:var(--container-widget-height,var(--spacer-size))}.e-con-inner>.elementor-widget-spacer.elementor-widget-empty,.e-con>.elementor-widget-spacer.elementor-widget-empty{position:relative;min-height:22px;min-width:22px}.e-con-inner>.elementor-widget-spacer.elementor-widget-empty .elementor-widget-empty-icon,.e-con>.elementor-widget-spacer.elementor-widget-empty .elementor-widget-empty-icon{position:absolute;top:0;bottom:0;left:0;right:0;margin:auto;padding:0;width:22px;height:22px}<\/style>\t\t<div class=\"elementor-spacer\">\n\t\t\t<div class=\"elementor-spacer-inner\"><\/div>\n\t\t<\/div>\n\t\t\t\t<\/div>\n\t\t\t\t<\/div>\n\t\t\t\t<div class=\"elementor-element elementor-element-53af760 elementor-widget elementor-widget-heading\" data-id=\"53af760\" data-element_type=\"widget\" data-widget_type=\"heading.default\">\n\t\t\t\t<div class=\"elementor-widget-container\">\n\t\t\t<style>\/*! elementor - v3.21.0 - 26-05-2024 *\/\n.elementor-heading-title{padding:0;margin:0;line-height:1}.elementor-widget-heading .elementor-heading-title[class*=elementor-size-]>a{color:inherit;font-size:inherit;line-height:inherit}.elementor-widget-heading .elementor-heading-title.elementor-size-small{font-size:15px}.elementor-widget-heading .elementor-heading-title.elementor-size-medium{font-size:19px}.elementor-widget-heading .elementor-heading-title.elementor-size-large{font-size:29px}.elementor-widget-heading .elementor-heading-title.elementor-size-xl{font-size:39px}.elementor-widget-heading .elementor-heading-title.elementor-size-xxl{font-size:59px}<\/style><h1 class=\"elementor-heading-title elementor-size-default\">PSICO REFERENCIAL<\/h1>\t\t<\/div>\n\t\t\t\t<\/div>\n\t\t\t\t<div class=\"elementor-element elementor-element-360d82b elementor-widget elementor-widget-text-editor\" data-id=\"360d82b\" data-element_type=\"widget\" data-widget_type=\"text-editor.default\">\n\t\t\t\t<div class=\"elementor-widget-container\">\n\t\t\t<style>\/*! elementor - v3.21.0 - 26-05-2024 *\/\n.elementor-widget-text-editor.elementor-drop-cap-view-stacked .elementor-drop-cap{background-color:#69727d;color:#fff}.elementor-widget-text-editor.elementor-drop-cap-view-framed .elementor-drop-cap{color:#69727d;border:3px solid;background-color:transparent}.elementor-widget-text-editor:not(.elementor-drop-cap-view-default) .elementor-drop-cap{margin-top:8px}.elementor-widget-text-editor:not(.elementor-drop-cap-view-default) .elementor-drop-cap-letter{width:1em;height:1em}.elementor-widget-text-editor .elementor-drop-cap{float:left;text-align:center;line-height:1;font-size:50px}.elementor-widget-text-editor .elementor-drop-cap-letter{display:inline-block}<\/style>\t\t\t\t<p>El Psicoreferencial Universal \u00e9s una Psicoter\u00e0pia creada pel Terapeuta Luc Peroni. Aquesta Ter\u00e0pia es basa en el treball directe amb el nostre cervell emocional (o inconscient) mitjan\u00e7ant una s\u00e8rie de protocols i la t\u00e8cnica del tapping que ho fan possible.<\/p>\t\t\t\t\t\t<\/div>\n\t\t\t\t<\/div>\n\t\t\t\t<div class=\"elementor-element elementor-element-7a7c9cd elementor-widget elementor-widget-spacer\" data-id=\"7a7c9cd\" data-element_type=\"widget\" data-widget_type=\"spacer.default\">\n\t\t\t\t<div class=\"elementor-widget-container\">\n\t\t\t\t\t<div class=\"elementor-spacer\">\n\t\t\t<div class=\"elementor-spacer-inner\"><\/div>\n\t\t<\/div>\n\t\t\t\t<\/div>\n\t\t\t\t<\/div>\n\t\t\t\t\t<\/div>\n\t\t<\/div>\n\t\t\t\t<div class=\"elementor-column elementor-col-33 elementor-top-column elementor-element elementor-element-ccc1c22\" data-id=\"ccc1c22\" data-element_type=\"column\">\n\t\t\t<div class=\"elementor-widget-wrap\">\n\t\t\t\t\t\t\t<\/div>\n\t\t<\/div>\n\t\t\t\t\t<\/div>\n\t\t<\/section>\n\t\t\t\t<section class=\"elementor-section elementor-top-section elementor-element elementor-element-3b0e7052 elementor-section-boxed elementor-section-height-default elementor-section-height-default elementor-invisible\" data-id=\"3b0e7052\" data-element_type=\"section\" data-settings=\"{&quot;animation&quot;:&quot;fadeIn&quot;}\">\n\t\t\t\t\t\t<div class=\"elementor-container elementor-column-gap-default\">\n\t\t\t\t\t<div class=\"elementor-column elementor-col-100 elementor-top-column elementor-element elementor-element-2cb5ae9e\" data-id=\"2cb5ae9e\" data-element_type=\"column\">\n\t\t\t<div class=\"elementor-widget-wrap elementor-element-populated\">\n\t\t\t\t\t\t<div class=\"elementor-element elementor-element-166deda0 elementor-widget elementor-widget-text-editor\" data-id=\"166deda0\" data-element_type=\"widget\" data-widget_type=\"text-editor.default\">\n\t\t\t\t<div class=\"elementor-widget-container\">\n\t\t\t\t\t\t\t<p>Totes les persones comptem \u201cde s\u00e8rie\u201d amb un Referencial. Podem dir que aquest Referencial engloba tots els models equilibrats (per exemple models familiars, model patern, matern, femen\u00ed, mascul\u00ed, model de salut, lleis morals, etc.) i la l\u00f2gica universal (matem\u00e0tiques de pensament universal). Produint una consci\u00e8ncia universal, \u00e9s a dir el sentiment del b\u00e9 i del mal, com\u00fa a tots els \u00e9ssers humans. En altres paraules, \u00e9s com un manual que ens indica qui som realment i com \u201chem de funcionar\u201d.<\/p>\t\t\t\t\t\t<\/div>\n\t\t\t\t<\/div>\n\t\t\t\t\t<\/div>\n\t\t<\/div>\n\t\t\t\t\t<\/div>\n\t\t<\/section>\n\t\t\t\t<section class=\"elementor-section elementor-top-section elementor-element elementor-element-19d2bf3 elementor-section-boxed elementor-section-height-default elementor-section-height-default\" data-id=\"19d2bf3\" data-element_type=\"section\">\n\t\t\t\t\t\t<div class=\"elementor-container elementor-column-gap-default\">\n\t\t\t\t\t<div class=\"elementor-column elementor-col-50 elementor-top-column elementor-element elementor-element-90e458b\" data-id=\"90e458b\" data-element_type=\"column\">\n\t\t\t<div class=\"elementor-widget-wrap elementor-element-populated\">\n\t\t\t\t\t\t<div class=\"elementor-element elementor-element-29178d7 elementor-invisible elementor-widget elementor-widget-image\" data-id=\"29178d7\" data-element_type=\"widget\" data-settings=\"{&quot;_animation&quot;:&quot;fadeInLeft&quot;}\" data-widget_type=\"image.default\">\n\t\t\t\t<div class=\"elementor-widget-container\">\n\t\t\t<style>\/*! elementor - v3.21.0 - 26-05-2024 *\/\n.elementor-widget-image{text-align:center}.elementor-widget-image a{display:inline-block}.elementor-widget-image a img[src$=\".svg\"]{width:48px}.elementor-widget-image img{vertical-align:middle;display:inline-block}<\/style>\t\t\t\t\t\t\t\t\t\t<img fetchpriority=\"high\" decoding=\"async\" width=\"1024\" height=\"1024\" src=\"https:\/\/neo-esse.com\/wp-content\/uploads\/2023\/03\/2-1024x1024.png\" class=\"attachment-large size-large wp-image-709\" alt=\"\" srcset=\"https:\/\/neo-esse.com\/wp-content\/uploads\/2023\/03\/2-1024x1024.png 1024w, https:\/\/neo-esse.com\/wp-content\/uploads\/2023\/03\/2-300x300.png 300w, https:\/\/neo-esse.com\/wp-content\/uploads\/2023\/03\/2-150x150.png 150w, https:\/\/neo-esse.com\/wp-content\/uploads\/2023\/03\/2-768x768.png 768w, https:\/\/neo-esse.com\/wp-content\/uploads\/2023\/03\/2.png 1080w\" sizes=\"(max-width: 1024px) 100vw, 1024px\" \/>\t\t\t\t\t\t\t\t\t\t\t\t\t<\/div>\n\t\t\t\t<\/div>\n\t\t\t\t\t<\/div>\n\t\t<\/div>\n\t\t\t\t<div class=\"elementor-column elementor-col-50 elementor-top-column elementor-element elementor-element-8ad9a35\" data-id=\"8ad9a35\" data-element_type=\"column\" data-settings=\"{&quot;animation&quot;:&quot;none&quot;}\">\n\t\t\t<div class=\"elementor-widget-wrap elementor-element-populated\">\n\t\t\t\t\t\t<div class=\"elementor-element elementor-element-670ee80 elementor-invisible elementor-widget elementor-widget-text-editor\" data-id=\"670ee80\" data-element_type=\"widget\" data-settings=\"{&quot;_animation&quot;:&quot;fadeInRight&quot;}\" data-widget_type=\"text-editor.default\">\n\t\t\t\t<div class=\"elementor-widget-container\">\n\t\t\t\t\t\t\t<p>Des del comen\u00e7ament de la nostra vida, a partir de la concepci\u00f3 d&#8217;ara endavant comencem a estar, marcats o condicionats per tot all\u00f2 que envolta la nostra exist\u00e8ncia: pare, mare, germans, fam\u00edlia, la crian\u00e7a, viv\u00e8ncies traum\u00e0tiques o doloroses, etc., i els nostres models es tornen cada vegada m\u00e9s desequilibrats, ens allunyem o ens desconnectem d&#8217;aquest &#8220;referencial universal&#8221; i ens anem formant d&#8217;acord amb patrons inconscients deficients. Tot i aix\u00f2, el referencial universal seguir\u00e0 intacte.<\/p>\t\t\t\t\t\t<\/div>\n\t\t\t\t<\/div>\n\t\t\t\t\t<\/div>\n\t\t<\/div>\n\t\t\t\t\t<\/div>\n\t\t<\/section>\n\t\t\t\t<section class=\"elementor-section elementor-top-section elementor-element elementor-element-79b2ac4 elementor-section-boxed elementor-section-height-default elementor-section-height-default\" data-id=\"79b2ac4\" data-element_type=\"section\">\n\t\t\t\t\t\t<div class=\"elementor-container elementor-column-gap-default\">\n\t\t\t\t\t<div class=\"elementor-column elementor-col-100 elementor-top-column elementor-element elementor-element-93db468\" data-id=\"93db468\" data-element_type=\"column\">\n\t\t\t<div class=\"elementor-widget-wrap elementor-element-populated\">\n\t\t\t\t\t\t<div class=\"elementor-element elementor-element-64d0c9e elementor-invisible elementor-widget elementor-widget-text-editor\" data-id=\"64d0c9e\" data-element_type=\"widget\" data-settings=\"{&quot;_animation&quot;:&quot;fadeInUp&quot;}\" data-widget_type=\"text-editor.default\">\n\t\t\t\t<div class=\"elementor-widget-container\">\n\t\t\t\t\t\t\t<p>\u00c9s possible reconnectar amb el psicoreferencial universal a trav\u00e9s del cervell emocional, i que aix\u00ed el cervell emocional corregeixi les imatges traum\u00e0tiques o doloroses, reprocessant la informaci\u00f3 i trobant la soluci\u00f3, donant lloc a un nou passat ia un nou personatge, \u00e9s dir el que nosaltres realment som sense les c\u00e0rregues o conflictes emocionals, propis o heretats, (ja que hi ha conflictes que es transmeten d&#8217;una generaci\u00f3 a una altra) i aix\u00ed funcionar de forma diferent a la vida. Nom\u00e9s el Cervell emocional (o inconscient) pot trobar la soluci\u00f3, ja que cont\u00e9 tota la informaci\u00f3 sobre nosaltres: concepci\u00f3, embar\u00e0s, naixement, inf\u00e0ncia, her\u00e8ncia familiar, crian\u00e7a, traumes viscuts, \u2026 cosa que el Cervell Intel\u00b7ligent (conscient) no t\u00e9. D&#8217;altra banda, el Cervell emocional es connecta al referencial universal mentre que la nostra ment conscient no.<\/p>\n<p>Gr\u00e0cies a aquesta ter\u00e0pia es pot aconseguir estabilitat emocional i f\u00edsica, ja que el malestar f\u00edsic tamb\u00e9 guarda relaci\u00f3 directa amb el nostre estat emocional<\/p>\t\t\t\t\t\t<\/div>\n\t\t\t\t<\/div>\n\t\t\t\t\t<\/div>\n\t\t<\/div>\n\t\t\t\t\t<\/div>\n\t\t<\/section>\n\t\t\t\t<\/div>\n\t\t","protected":false},"excerpt":{"rendered":"<p>PSICO REFERENCIAL El Psicoreferencial Universal \u00e9s una Psicoter\u00e0pia creada pel Terapeuta Luc Peroni. Aquesta Ter\u00e0pia es basa en el treball directe amb el nostre cervell emocional (o inconscient) mitjan\u00e7ant una s\u00e8rie de protocols i la t\u00e8cnica del tapping que ho fan possible. Totes les persones comptem \u201cde s\u00e8rie\u201d amb un Referencial. Podem dir que aquest &#8230; <a title=\"PSICO-REFERENCIAL\" class=\"read-more\" href=\"https:\/\/neo-esse.com\/ca\/psico-referencial\" aria-label=\"More on PSICO-REFERENCIAL\">Leer m\u00e1s<\/a><\/p>\n","protected":false},"author":2,"featured_media":0,"parent":0,"menu_order":0,"comment_status":"closed","ping_status":"closed","template":"","meta":{"footnotes":""},"_links":{"self":[{"href":"https:\/\/neo-esse.com\/ca\/wp-json\/wp\/v2\/pages\/779"}],"collection":[{"href":"https:\/\/neo-esse.com\/ca\/wp-json\/wp\/v2\/pages"}],"about":[{"href":"https:\/\/neo-esse.com\/ca\/wp-json\/wp\/v2\/types\/page"}],"author":[{"embeddable":true,"href":"https:\/\/neo-esse.com\/ca\/wp-json\/wp\/v2\/users\/2"}],"replies":[{"embeddable":true,"href":"https:\/\/neo-esse.com\/ca\/wp-json\/wp\/v2\/comments?post=779"}],"version-history":[{"count":4,"href":"https:\/\/neo-esse.com\/ca\/wp-json\/wp\/v2\/pages\/779\/revisions"}],"predecessor-version":[{"id":783,"href":"https:\/\/neo-esse.com\/ca\/wp-json\/wp\/v2\/pages\/779\/revisions\/783"}],"wp:attachment":[{"href":"https:\/\/neo-esse.com\/ca\/wp-json\/wp\/v2\/media?parent=779"}],"curies":[{"name":"wp","href":"https:\/\/api.w.org\/{rel}","templated":true}]}}