{"id":809,"date":"2020-06-29T08:16:28","date_gmt":"2020-06-29T08:16:28","guid":{"rendered":"https:\/\/neo-esse.com\/?page_id=809"},"modified":"2024-05-13T10:30:32","modified_gmt":"2024-05-13T10:30:32","slug":"descodificacion-biologica","status":"publish","type":"page","link":"https:\/\/neo-esse.com\/ca\/descodificacion-biologica","title":{"rendered":"DESCODIFICACI\u00d3 BIOL\u00d2GICA"},"content":{"rendered":"\t\t<div data-elementor-type=\"wp-page\" data-elementor-id=\"809\" class=\"elementor elementor-809\">\n\t\t\t\t\t\t<section class=\"elementor-section elementor-top-section elementor-element elementor-element-a0ef820 elementor-section-full_width elementor-section-stretched elementor-section-height-default elementor-section-height-default\" data-id=\"a0ef820\" data-element_type=\"section\" data-settings=\"{&quot;stretch_section&quot;:&quot;section-stretched&quot;}\">\n\t\t\t\t\t\t\t<div class=\"elementor-background-overlay\"><\/div>\n\t\t\t\t\t\t\t<div class=\"elementor-container elementor-column-gap-default\">\n\t\t\t\t\t<div class=\"elementor-column elementor-col-100 elementor-top-column elementor-element elementor-element-fe68f8a\" data-id=\"fe68f8a\" data-element_type=\"column\">\n\t\t\t<div class=\"elementor-widget-wrap elementor-element-populated\">\n\t\t\t\t\t\t<section class=\"elementor-section elementor-inner-section elementor-element elementor-element-e332de0 elementor-section-full_width elementor-section-height-default elementor-section-height-default\" data-id=\"e332de0\" data-element_type=\"section\">\n\t\t\t\t\t\t<div class=\"elementor-container elementor-column-gap-default\">\n\t\t\t\t\t<div class=\"elementor-column elementor-col-33 elementor-inner-column elementor-element elementor-element-ea211a2\" data-id=\"ea211a2\" data-element_type=\"column\">\n\t\t\t<div class=\"elementor-widget-wrap\">\n\t\t\t\t\t\t\t<\/div>\n\t\t<\/div>\n\t\t\t\t<div class=\"elementor-column elementor-col-33 elementor-inner-column elementor-element elementor-element-2d8fead\" data-id=\"2d8fead\" data-element_type=\"column\">\n\t\t\t<div class=\"elementor-widget-wrap elementor-element-populated\">\n\t\t\t\t\t\t<div class=\"elementor-element elementor-element-84b0d9d elementor-widget elementor-widget-spacer\" data-id=\"84b0d9d\" data-element_type=\"widget\" data-widget_type=\"spacer.default\">\n\t\t\t\t<div class=\"elementor-widget-container\">\n\t\t\t<style>\/*! elementor - v3.21.0 - 26-05-2024 *\/\n.elementor-column .elementor-spacer-inner{height:var(--spacer-size)}.e-con{--container-widget-width:100%}.e-con-inner>.elementor-widget-spacer,.e-con>.elementor-widget-spacer{width:var(--container-widget-width,var(--spacer-size));--align-self:var(--container-widget-align-self,initial);--flex-shrink:0}.e-con-inner>.elementor-widget-spacer>.elementor-widget-container,.e-con>.elementor-widget-spacer>.elementor-widget-container{height:100%;width:100%}.e-con-inner>.elementor-widget-spacer>.elementor-widget-container>.elementor-spacer,.e-con>.elementor-widget-spacer>.elementor-widget-container>.elementor-spacer{height:100%}.e-con-inner>.elementor-widget-spacer>.elementor-widget-container>.elementor-spacer>.elementor-spacer-inner,.e-con>.elementor-widget-spacer>.elementor-widget-container>.elementor-spacer>.elementor-spacer-inner{height:var(--container-widget-height,var(--spacer-size))}.e-con-inner>.elementor-widget-spacer.elementor-widget-empty,.e-con>.elementor-widget-spacer.elementor-widget-empty{position:relative;min-height:22px;min-width:22px}.e-con-inner>.elementor-widget-spacer.elementor-widget-empty .elementor-widget-empty-icon,.e-con>.elementor-widget-spacer.elementor-widget-empty .elementor-widget-empty-icon{position:absolute;top:0;bottom:0;left:0;right:0;margin:auto;padding:0;width:22px;height:22px}<\/style>\t\t<div class=\"elementor-spacer\">\n\t\t\t<div class=\"elementor-spacer-inner\"><\/div>\n\t\t<\/div>\n\t\t\t\t<\/div>\n\t\t\t\t<\/div>\n\t\t\t\t<div class=\"elementor-element elementor-element-18161be elementor-widget elementor-widget-heading\" data-id=\"18161be\" data-element_type=\"widget\" data-widget_type=\"heading.default\">\n\t\t\t\t<div class=\"elementor-widget-container\">\n\t\t\t<style>\/*! elementor - v3.21.0 - 26-05-2024 *\/\n.elementor-heading-title{padding:0;margin:0;line-height:1}.elementor-widget-heading .elementor-heading-title[class*=elementor-size-]>a{color:inherit;font-size:inherit;line-height:inherit}.elementor-widget-heading .elementor-heading-title.elementor-size-small{font-size:15px}.elementor-widget-heading .elementor-heading-title.elementor-size-medium{font-size:19px}.elementor-widget-heading .elementor-heading-title.elementor-size-large{font-size:29px}.elementor-widget-heading .elementor-heading-title.elementor-size-xl{font-size:39px}.elementor-widget-heading .elementor-heading-title.elementor-size-xxl{font-size:59px}<\/style><h1 class=\"elementor-heading-title elementor-size-default\">BIODESCODIFICACI\u00d3 O <br>\nDESCODIFICACI\u00d3 BIOL\u00d2GICA<\/h1>\t\t<\/div>\n\t\t\t\t<\/div>\n\t\t\t\t<div class=\"elementor-element elementor-element-ec50358 elementor-widget elementor-widget-text-editor\" data-id=\"ec50358\" data-element_type=\"widget\" data-widget_type=\"text-editor.default\">\n\t\t\t\t<div class=\"elementor-widget-container\">\n\t\t\t<style>\/*! elementor - v3.21.0 - 26-05-2024 *\/\n.elementor-widget-text-editor.elementor-drop-cap-view-stacked .elementor-drop-cap{background-color:#69727d;color:#fff}.elementor-widget-text-editor.elementor-drop-cap-view-framed .elementor-drop-cap{color:#69727d;border:3px solid;background-color:transparent}.elementor-widget-text-editor:not(.elementor-drop-cap-view-default) .elementor-drop-cap{margin-top:8px}.elementor-widget-text-editor:not(.elementor-drop-cap-view-default) .elementor-drop-cap-letter{width:1em;height:1em}.elementor-widget-text-editor .elementor-drop-cap{float:left;text-align:center;line-height:1;font-size:50px}.elementor-widget-text-editor .elementor-drop-cap-letter{display:inline-block}<\/style>\t\t\t\t<p>La <b>Biodescodificaci\u00f3n <\/b>o <b>Descodificaci\u00f3 Biol\u00f2gica<\/b> cerca quin \u00e9s el conflicte biol\u00f2gic que la persona ha viscut a causa d&#8217;un succ\u00e9s estressant, i que li produeix diversos s\u00edmptomes o malalties, tant f\u00edsicament com emocionalment. Una persona viu un conflicte biol\u00f2gic quan li passa un fet estressant a nivell f\u00edsic o emocional, \u00e9s inesperat, ho viu en solitud, no ho ha pogut expressar i per al qual no va trobar soluci\u00f3.<\/p>\t\t\t\t\t\t<\/div>\n\t\t\t\t<\/div>\n\t\t\t\t<div class=\"elementor-element elementor-element-40b9580 elementor-widget elementor-widget-spacer\" data-id=\"40b9580\" data-element_type=\"widget\" data-widget_type=\"spacer.default\">\n\t\t\t\t<div class=\"elementor-widget-container\">\n\t\t\t\t\t<div class=\"elementor-spacer\">\n\t\t\t<div class=\"elementor-spacer-inner\"><\/div>\n\t\t<\/div>\n\t\t\t\t<\/div>\n\t\t\t\t<\/div>\n\t\t\t\t\t<\/div>\n\t\t<\/div>\n\t\t\t\t<div class=\"elementor-column elementor-col-33 elementor-inner-column elementor-element elementor-element-050026f\" data-id=\"050026f\" data-element_type=\"column\">\n\t\t\t<div class=\"elementor-widget-wrap\">\n\t\t\t\t\t\t\t<\/div>\n\t\t<\/div>\n\t\t\t\t\t<\/div>\n\t\t<\/section>\n\t\t\t\t\t<\/div>\n\t\t<\/div>\n\t\t\t\t\t<\/div>\n\t\t<\/section>\n\t\t\t\t<section class=\"elementor-section elementor-top-section elementor-element elementor-element-729065f1 elementor-section-boxed elementor-section-height-default elementor-section-height-default\" data-id=\"729065f1\" data-element_type=\"section\">\n\t\t\t\t\t\t<div class=\"elementor-container elementor-column-gap-default\">\n\t\t\t\t\t<div class=\"elementor-column elementor-col-100 elementor-top-column elementor-element elementor-element-421feba\" data-id=\"421feba\" data-element_type=\"column\">\n\t\t\t<div class=\"elementor-widget-wrap elementor-element-populated\">\n\t\t\t\t\t\t<div class=\"elementor-element elementor-element-3e6b1cb3 elementor-widget elementor-widget-text-editor\" data-id=\"3e6b1cb3\" data-element_type=\"widget\" data-widget_type=\"text-editor.default\">\n\t\t\t\t<div class=\"elementor-widget-container\">\n\t\t\t\t\t\t\t<p>Amb aquest esdeveniment estressant la persona ha tret conclusions a nivell inconscient i ha experimentat una emoci\u00f3 concreta, d&#8217;acord amb aix\u00f2 desenvolupar\u00e0 un s\u00edmptoma o un altre. Tenint present que cada emoci\u00f3 t\u00e9 relaci\u00f3 directa amb un \u00f2rgan espec\u00edfic. Amb aix\u00f2 podem afirmar que <i>el nostre estat emocional afecta el nostre estat f\u00edsic.<\/i><\/p>\t\t\t\t\t\t<\/div>\n\t\t\t\t<\/div>\n\t\t\t\t\t<\/div>\n\t\t<\/div>\n\t\t\t\t\t<\/div>\n\t\t<\/section>\n\t\t\t\t<section class=\"elementor-section elementor-top-section elementor-element elementor-element-dc08b44 elementor-section-boxed elementor-section-height-default elementor-section-height-default\" data-id=\"dc08b44\" data-element_type=\"section\">\n\t\t\t\t\t\t<div class=\"elementor-container elementor-column-gap-default\">\n\t\t\t\t\t<div class=\"elementor-column elementor-col-50 elementor-top-column elementor-element elementor-element-cdb993e\" data-id=\"cdb993e\" data-element_type=\"column\" data-settings=\"{&quot;animation&quot;:&quot;none&quot;}\">\n\t\t\t<div class=\"elementor-widget-wrap elementor-element-populated\">\n\t\t\t\t\t\t<div class=\"elementor-element elementor-element-77a0a55 elementor-widget elementor-widget-image\" data-id=\"77a0a55\" data-element_type=\"widget\" data-settings=\"{&quot;_animation&quot;:&quot;none&quot;}\" data-widget_type=\"image.default\">\n\t\t\t\t<div class=\"elementor-widget-container\">\n\t\t\t<style>\/*! elementor - v3.21.0 - 26-05-2024 *\/\n.elementor-widget-image{text-align:center}.elementor-widget-image a{display:inline-block}.elementor-widget-image a img[src$=\".svg\"]{width:48px}.elementor-widget-image img{vertical-align:middle;display:inline-block}<\/style>\t\t\t\t\t\t\t\t\t\t<img fetchpriority=\"high\" decoding=\"async\" width=\"1024\" height=\"1024\" src=\"https:\/\/neo-esse.com\/wp-content\/uploads\/2023\/03\/1-1024x1024.png\" class=\"attachment-large size-large wp-image-708\" alt=\"\" srcset=\"https:\/\/neo-esse.com\/wp-content\/uploads\/2023\/03\/1-1024x1024.png 1024w, https:\/\/neo-esse.com\/wp-content\/uploads\/2023\/03\/1-300x300.png 300w, https:\/\/neo-esse.com\/wp-content\/uploads\/2023\/03\/1-150x150.png 150w, https:\/\/neo-esse.com\/wp-content\/uploads\/2023\/03\/1-768x768.png 768w, https:\/\/neo-esse.com\/wp-content\/uploads\/2023\/03\/1.png 1080w\" sizes=\"(max-width: 1024px) 100vw, 1024px\" \/>\t\t\t\t\t\t\t\t\t\t\t\t\t<\/div>\n\t\t\t\t<\/div>\n\t\t\t\t\t<\/div>\n\t\t<\/div>\n\t\t\t\t<div class=\"elementor-column elementor-col-50 elementor-top-column elementor-element elementor-element-9ff6176\" data-id=\"9ff6176\" data-element_type=\"column\">\n\t\t\t<div class=\"elementor-widget-wrap elementor-element-populated\">\n\t\t\t\t\t\t<div class=\"elementor-element elementor-element-8ffa7f5 elementor-widget elementor-widget-text-editor\" data-id=\"8ffa7f5\" data-element_type=\"widget\" data-widget_type=\"text-editor.default\">\n\t\t\t\t<div class=\"elementor-widget-container\">\n\t\t\t\t\t\t\t<p><b>La Descodificaci\u00f3 Biol\u00f2gica (Biodescodificaci\u00f3)<\/b> tamb\u00e9 t\u00e9 en compte l&#8217;arbre geneal\u00f2gic de la persona per descobrir les experi\u00e8ncies traum\u00e0tiques que han marcat la hist\u00f2ria familiar: secrets, morts primerenques, abusos, guerres, etc. Ja que tot all\u00f2 que no va ser resolt en una generaci\u00f3 queda gravat i passa d&#8217;una generaci\u00f3 a una altra com si es tract\u00e9s d&#8217;una her\u00e8ncia.<\/p>\n<p><i>Descodificar o desprogramar \u00e9s re-significar la viv\u00e8ncia<\/i>, buidant la c\u00e0rrega emocional que va deixar al cos l&#8217;experi\u00e8ncia conflictual i canviant el sentir del viscut. D&#8217;aquesta manera el cos ja no ha de donar la malaltia com a resposta al conflicte emocional, i comen\u00e7a a curar-se.<\/p>\n<p>El nostre cos t\u00e9 la capacitat de regenerar-se a si mateix, de la mateixa manera com quan ens fem una ferida el cos t\u00e9 els recursos d&#8217;autocuraci\u00f3 tamb\u00e9 els t\u00e9 en sentit emocional i per tant repercuteix a nivell f\u00edsic.<\/p>\t\t\t\t\t\t<\/div>\n\t\t\t\t<\/div>\n\t\t\t\t\t<\/div>\n\t\t<\/div>\n\t\t\t\t\t<\/div>\n\t\t<\/section>\n\t\t\t\t<section class=\"elementor-section elementor-top-section elementor-element elementor-element-a475f0e elementor-section-boxed elementor-section-height-default elementor-section-height-default\" data-id=\"a475f0e\" data-element_type=\"section\">\n\t\t\t\t\t\t<div class=\"elementor-container elementor-column-gap-default\">\n\t\t\t\t\t<div class=\"elementor-column elementor-col-100 elementor-top-column elementor-element elementor-element-52f4f74\" data-id=\"52f4f74\" data-element_type=\"column\">\n\t\t\t<div class=\"elementor-widget-wrap elementor-element-populated\">\n\t\t\t\t\t\t<section class=\"elementor-section elementor-inner-section elementor-element elementor-element-ce44ec6 elementor-section-boxed elementor-section-height-default elementor-section-height-default\" data-id=\"ce44ec6\" data-element_type=\"section\">\n\t\t\t\t\t\t<div class=\"elementor-container elementor-column-gap-default\">\n\t\t\t\t\t<div class=\"elementor-column elementor-col-100 elementor-inner-column elementor-element elementor-element-0272d54\" data-id=\"0272d54\" data-element_type=\"column\">\n\t\t\t<div class=\"elementor-widget-wrap elementor-element-populated\">\n\t\t\t\t\t\t<div class=\"elementor-element elementor-element-15c6c8b elementor-widget elementor-widget-text-editor\" data-id=\"15c6c8b\" data-element_type=\"widget\" data-widget_type=\"text-editor.default\">\n\t\t\t\t<div class=\"elementor-widget-container\">\n\t\t\t\t\t\t\t<p>S&#8217;ha de tenir en compte quant de temps ha estat sostingut o ocult el conflicte (sense solucionar) i el nivell d&#8217;energia que al cos li queda per veure en quin grau podr\u00e0 solucionar a nivell f\u00edsic, per\u00f2 \u00e9s igualment un alleujament poder treure la c\u00e0rrega emocional tancada i con\u00e8ixer la causa del nostre dolor.<\/p><p>Aquesta ter\u00e0pia pot acompanyar en diverses malalties com: fibromi\u00e0lgia, al\u00b7l\u00e8rgies, intoler\u00e0ncies, c\u00e0ncer, problemes musculars, entre d&#8217;altres.<\/p><p><strong>Aclariment<\/strong>:\u00a0Aquesta i les altres ter\u00e0pies no pretenen reempla\u00e7ar cap tractament m\u00e8dic prescrit.<\/p>\t\t\t\t\t\t<\/div>\n\t\t\t\t<\/div>\n\t\t\t\t\t<\/div>\n\t\t<\/div>\n\t\t\t\t\t<\/div>\n\t\t<\/section>\n\t\t\t\t\t<\/div>\n\t\t<\/div>\n\t\t\t\t\t<\/div>\n\t\t<\/section>\n\t\t\t\t<\/div>\n\t\t","protected":false},"excerpt":{"rendered":"<p>BIODESCODIFICACI\u00d3 O DESCODIFICACI\u00d3 BIOL\u00d2GICA La Biodescodificaci\u00f3n o Descodificaci\u00f3 Biol\u00f2gica cerca quin \u00e9s el conflicte biol\u00f2gic que la persona ha viscut a causa d&#8217;un succ\u00e9s estressant, i que li produeix diversos s\u00edmptomes o malalties, tant f\u00edsicament com emocionalment. Una persona viu un conflicte biol\u00f2gic quan li passa un fet estressant a nivell f\u00edsic o emocional, \u00e9s &#8230; <a title=\"DESCODIFICACI\u00d3 BIOL\u00d2GICA\" class=\"read-more\" href=\"https:\/\/neo-esse.com\/ca\/descodificacion-biologica\" aria-label=\"More on DESCODIFICACI\u00d3 BIOL\u00d2GICA\">Leer m\u00e1s<\/a><\/p>\n","protected":false},"author":2,"featured_media":0,"parent":0,"menu_order":0,"comment_status":"closed","ping_status":"closed","template":"","meta":{"footnotes":""},"_links":{"self":[{"href":"https:\/\/neo-esse.com\/ca\/wp-json\/wp\/v2\/pages\/809"}],"collection":[{"href":"https:\/\/neo-esse.com\/ca\/wp-json\/wp\/v2\/pages"}],"about":[{"href":"https:\/\/neo-esse.com\/ca\/wp-json\/wp\/v2\/types\/page"}],"author":[{"embeddable":true,"href":"https:\/\/neo-esse.com\/ca\/wp-json\/wp\/v2\/users\/2"}],"replies":[{"embeddable":true,"href":"https:\/\/neo-esse.com\/ca\/wp-json\/wp\/v2\/comments?post=809"}],"version-history":[{"count":17,"href":"https:\/\/neo-esse.com\/ca\/wp-json\/wp\/v2\/pages\/809\/revisions"}],"predecessor-version":[{"id":1018,"href":"https:\/\/neo-esse.com\/ca\/wp-json\/wp\/v2\/pages\/809\/revisions\/1018"}],"wp:attachment":[{"href":"https:\/\/neo-esse.com\/ca\/wp-json\/wp\/v2\/media?parent=809"}],"curies":[{"name":"wp","href":"https:\/\/api.w.org\/{rel}","templated":true}]}}