{"id":820,"date":"2023-03-29T09:30:32","date_gmt":"2023-03-29T09:30:32","guid":{"rendered":"https:\/\/neo-esse.com\/?page_id=820"},"modified":"2023-03-31T16:57:23","modified_gmt":"2023-03-31T16:57:23","slug":"el-despacho-de-neo-esse","status":"publish","type":"page","link":"https:\/\/neo-esse.com\/ca\/el-despacho-de-neo-esse","title":{"rendered":"El despatx de Neo Esse"},"content":{"rendered":"\t\t<div data-elementor-type=\"wp-page\" data-elementor-id=\"820\" class=\"elementor elementor-820\">\n\t\t\t\t\t\t<section class=\"elementor-section elementor-top-section elementor-element elementor-element-862657b elementor-section-full_width elementor-section-stretched elementor-section-height-default elementor-section-height-default\" data-id=\"862657b\" data-element_type=\"section\" data-settings=\"{&quot;stretch_section&quot;:&quot;section-stretched&quot;}\">\n\t\t\t\t\t\t\t<div class=\"elementor-background-overlay\"><\/div>\n\t\t\t\t\t\t\t<div class=\"elementor-container elementor-column-gap-default\">\n\t\t\t\t\t<div class=\"elementor-column elementor-col-33 elementor-top-column elementor-element elementor-element-8f05582\" data-id=\"8f05582\" data-element_type=\"column\">\n\t\t\t<div class=\"elementor-widget-wrap\">\n\t\t\t\t\t\t\t<\/div>\n\t\t<\/div>\n\t\t\t\t<div class=\"elementor-column elementor-col-33 elementor-top-column elementor-element elementor-element-c69aa32\" data-id=\"c69aa32\" data-element_type=\"column\">\n\t\t\t<div class=\"elementor-widget-wrap elementor-element-populated\">\n\t\t\t\t\t\t<div class=\"elementor-element elementor-element-b142059 elementor-widget elementor-widget-spacer\" data-id=\"b142059\" data-element_type=\"widget\" data-widget_type=\"spacer.default\">\n\t\t\t\t<div class=\"elementor-widget-container\">\n\t\t\t<style>\/*! elementor - v3.21.0 - 26-05-2024 *\/\n.elementor-column .elementor-spacer-inner{height:var(--spacer-size)}.e-con{--container-widget-width:100%}.e-con-inner>.elementor-widget-spacer,.e-con>.elementor-widget-spacer{width:var(--container-widget-width,var(--spacer-size));--align-self:var(--container-widget-align-self,initial);--flex-shrink:0}.e-con-inner>.elementor-widget-spacer>.elementor-widget-container,.e-con>.elementor-widget-spacer>.elementor-widget-container{height:100%;width:100%}.e-con-inner>.elementor-widget-spacer>.elementor-widget-container>.elementor-spacer,.e-con>.elementor-widget-spacer>.elementor-widget-container>.elementor-spacer{height:100%}.e-con-inner>.elementor-widget-spacer>.elementor-widget-container>.elementor-spacer>.elementor-spacer-inner,.e-con>.elementor-widget-spacer>.elementor-widget-container>.elementor-spacer>.elementor-spacer-inner{height:var(--container-widget-height,var(--spacer-size))}.e-con-inner>.elementor-widget-spacer.elementor-widget-empty,.e-con>.elementor-widget-spacer.elementor-widget-empty{position:relative;min-height:22px;min-width:22px}.e-con-inner>.elementor-widget-spacer.elementor-widget-empty .elementor-widget-empty-icon,.e-con>.elementor-widget-spacer.elementor-widget-empty .elementor-widget-empty-icon{position:absolute;top:0;bottom:0;left:0;right:0;margin:auto;padding:0;width:22px;height:22px}<\/style>\t\t<div class=\"elementor-spacer\">\n\t\t\t<div class=\"elementor-spacer-inner\"><\/div>\n\t\t<\/div>\n\t\t\t\t<\/div>\n\t\t\t\t<\/div>\n\t\t\t\t<div class=\"elementor-element elementor-element-b9ce796 elementor-widget elementor-widget-heading\" data-id=\"b9ce796\" data-element_type=\"widget\" data-widget_type=\"heading.default\">\n\t\t\t\t<div class=\"elementor-widget-container\">\n\t\t\t<style>\/*! elementor - v3.21.0 - 26-05-2024 *\/\n.elementor-heading-title{padding:0;margin:0;line-height:1}.elementor-widget-heading .elementor-heading-title[class*=elementor-size-]>a{color:inherit;font-size:inherit;line-height:inherit}.elementor-widget-heading .elementor-heading-title.elementor-size-small{font-size:15px}.elementor-widget-heading .elementor-heading-title.elementor-size-medium{font-size:19px}.elementor-widget-heading .elementor-heading-title.elementor-size-large{font-size:29px}.elementor-widget-heading .elementor-heading-title.elementor-size-xl{font-size:39px}.elementor-widget-heading .elementor-heading-title.elementor-size-xxl{font-size:59px}<\/style><h2 class=\"elementor-heading-title elementor-size-default\">EL DESPATX DE NEO-ESSE<\/h2>\t\t<\/div>\n\t\t\t\t<\/div>\n\t\t\t\t<div class=\"elementor-element elementor-element-bfe004c elementor-widget elementor-widget-spacer\" data-id=\"bfe004c\" data-element_type=\"widget\" data-widget_type=\"spacer.default\">\n\t\t\t\t<div class=\"elementor-widget-container\">\n\t\t\t\t\t<div class=\"elementor-spacer\">\n\t\t\t<div class=\"elementor-spacer-inner\"><\/div>\n\t\t<\/div>\n\t\t\t\t<\/div>\n\t\t\t\t<\/div>\n\t\t\t\t\t<\/div>\n\t\t<\/div>\n\t\t\t\t<div class=\"elementor-column elementor-col-33 elementor-top-column elementor-element elementor-element-18ede89\" data-id=\"18ede89\" data-element_type=\"column\">\n\t\t\t<div class=\"elementor-widget-wrap\">\n\t\t\t\t\t\t\t<\/div>\n\t\t<\/div>\n\t\t\t\t\t<\/div>\n\t\t<\/section>\n\t\t\t\t<section class=\"elementor-section elementor-top-section elementor-element elementor-element-da907fe elementor-section-boxed elementor-section-height-default elementor-section-height-default\" data-id=\"da907fe\" data-element_type=\"section\">\n\t\t\t\t\t\t<div class=\"elementor-container elementor-column-gap-default\">\n\t\t\t\t\t<div class=\"elementor-column elementor-col-100 elementor-top-column elementor-element elementor-element-2a62229\" data-id=\"2a62229\" data-element_type=\"column\">\n\t\t\t<div class=\"elementor-widget-wrap elementor-element-populated\">\n\t\t\t\t\t\t<section class=\"elementor-section elementor-inner-section elementor-element elementor-element-6442ccd elementor-section-boxed elementor-section-height-default elementor-section-height-default\" data-id=\"6442ccd\" data-element_type=\"section\">\n\t\t\t\t\t\t<div class=\"elementor-container elementor-column-gap-default\">\n\t\t\t\t\t<div class=\"elementor-column elementor-col-100 elementor-inner-column elementor-element elementor-element-e15cd28\" data-id=\"e15cd28\" data-element_type=\"column\">\n\t\t\t<div class=\"elementor-widget-wrap elementor-element-populated\">\n\t\t\t\t\t\t<div class=\"elementor-element elementor-element-d37ab9d elementor-widget elementor-widget-text-editor\" data-id=\"d37ab9d\" data-element_type=\"widget\" data-widget_type=\"text-editor.default\">\n\t\t\t\t<div class=\"elementor-widget-container\">\n\t\t\t<style>\/*! elementor - v3.21.0 - 26-05-2024 *\/\n.elementor-widget-text-editor.elementor-drop-cap-view-stacked .elementor-drop-cap{background-color:#69727d;color:#fff}.elementor-widget-text-editor.elementor-drop-cap-view-framed .elementor-drop-cap{color:#69727d;border:3px solid;background-color:transparent}.elementor-widget-text-editor:not(.elementor-drop-cap-view-default) .elementor-drop-cap{margin-top:8px}.elementor-widget-text-editor:not(.elementor-drop-cap-view-default) .elementor-drop-cap-letter{width:1em;height:1em}.elementor-widget-text-editor .elementor-drop-cap{float:left;text-align:center;line-height:1;font-size:50px}.elementor-widget-text-editor .elementor-drop-cap-letter{display:inline-block}<\/style>\t\t\t\t<p>A Neo-esse t&#8217;oferim un espai acollidor i minimalista on podr\u00e0s sentir-te c\u00f2mode i segur. El nostre despatx est\u00e0 dissenyat perqu\u00e8 puguis expressar-te sense distraccions i amb la il\u00b7luminaci\u00f3 adequada. Aqu\u00ed podreu trobar un ambient de confian\u00e7a i respecte on us escoltarem i us acompanyarem en el vostre proc\u00e9s terap\u00e8utic.<\/p><p>El nostre despatx compta amb una taula i dues cadires on podrem conversar i treballar junts. Tamb\u00e9 tenim un sof\u00e0 on podr\u00e0s relaxar-te i descansar si ho necessites. Al fons veur\u00e0s els diplomes acreditatius, que et garanteixen la formaci\u00f3 i experi\u00e8ncia en les diferents ter\u00e0pies que oferim.<\/p><p>A Neo-esse vull que et sentis com a casa i que gaudeixis del teu temps amb mi. T&#8217;espero amb els bra\u00e7os oberts i amb moltes ganes d&#8217;ajudar-te.<\/p>\t\t\t\t\t\t<\/div>\n\t\t\t\t<\/div>\n\t\t\t\t\t<\/div>\n\t\t<\/div>\n\t\t\t\t\t<\/div>\n\t\t<\/section>\n\t\t\t\t<section class=\"elementor-section elementor-inner-section elementor-element elementor-element-41ff96f elementor-section-boxed elementor-section-height-default elementor-section-height-default\" data-id=\"41ff96f\" data-element_type=\"section\">\n\t\t\t\t\t\t<div class=\"elementor-container elementor-column-gap-default\">\n\t\t\t\t\t<div class=\"elementor-column elementor-col-50 elementor-inner-column elementor-element elementor-element-6d289e7\" data-id=\"6d289e7\" data-element_type=\"column\">\n\t\t\t<div class=\"elementor-widget-wrap elementor-element-populated\">\n\t\t\t\t\t\t<div class=\"elementor-element elementor-element-6b5b975 elementor-widget elementor-widget-image\" data-id=\"6b5b975\" data-element_type=\"widget\" data-widget_type=\"image.default\">\n\t\t\t\t<div class=\"elementor-widget-container\">\n\t\t\t<style>\/*! elementor - v3.21.0 - 26-05-2024 *\/\n.elementor-widget-image{text-align:center}.elementor-widget-image a{display:inline-block}.elementor-widget-image a img[src$=\".svg\"]{width:48px}.elementor-widget-image img{vertical-align:middle;display:inline-block}<\/style>\t\t\t\t\t\t\t\t\t\t<img fetchpriority=\"high\" decoding=\"async\" width=\"1024\" height=\"768\" src=\"https:\/\/neo-esse.com\/wp-content\/uploads\/2023\/03\/terapias-oficina-neo-esse-1024x768.jpeg\" class=\"attachment-large size-large wp-image-715\" alt=\"\" srcset=\"https:\/\/neo-esse.com\/wp-content\/uploads\/2023\/03\/terapias-oficina-neo-esse-1024x768.jpeg 1024w, https:\/\/neo-esse.com\/wp-content\/uploads\/2023\/03\/terapias-oficina-neo-esse-300x225.jpeg 300w, https:\/\/neo-esse.com\/wp-content\/uploads\/2023\/03\/terapias-oficina-neo-esse-768x576.jpeg 768w, https:\/\/neo-esse.com\/wp-content\/uploads\/2023\/03\/terapias-oficina-neo-esse-1536x1152.jpeg 1536w, https:\/\/neo-esse.com\/wp-content\/uploads\/2023\/03\/terapias-oficina-neo-esse.jpeg 1600w\" sizes=\"(max-width: 1024px) 100vw, 1024px\" \/>\t\t\t\t\t\t\t\t\t\t\t\t\t<\/div>\n\t\t\t\t<\/div>\n\t\t\t\t\t<\/div>\n\t\t<\/div>\n\t\t\t\t<div class=\"elementor-column elementor-col-50 elementor-inner-column elementor-element elementor-element-55fbbbb\" data-id=\"55fbbbb\" data-element_type=\"column\">\n\t\t\t<div class=\"elementor-widget-wrap elementor-element-populated\">\n\t\t\t\t\t\t<div class=\"elementor-element elementor-element-376a04b elementor-widget elementor-widget-image\" data-id=\"376a04b\" data-element_type=\"widget\" data-widget_type=\"image.default\">\n\t\t\t\t<div class=\"elementor-widget-container\">\n\t\t\t\t\t\t\t\t\t\t\t\t\t<img decoding=\"async\" width=\"1024\" height=\"768\" src=\"https:\/\/neo-esse.com\/wp-content\/uploads\/2023\/03\/neo-esse-oficina-1024x768.jpeg\" class=\"attachment-large size-large wp-image-714\" alt=\"\" srcset=\"https:\/\/neo-esse.com\/wp-content\/uploads\/2023\/03\/neo-esse-oficina-1024x768.jpeg 1024w, https:\/\/neo-esse.com\/wp-content\/uploads\/2023\/03\/neo-esse-oficina-300x225.jpeg 300w, https:\/\/neo-esse.com\/wp-content\/uploads\/2023\/03\/neo-esse-oficina-768x576.jpeg 768w, https:\/\/neo-esse.com\/wp-content\/uploads\/2023\/03\/neo-esse-oficina-1536x1152.jpeg 1536w, https:\/\/neo-esse.com\/wp-content\/uploads\/2023\/03\/neo-esse-oficina.jpeg 1600w\" sizes=\"(max-width: 1024px) 100vw, 1024px\" \/>\t\t\t\t\t\t\t\t\t\t\t\t\t<\/div>\n\t\t\t\t<\/div>\n\t\t\t\t\t<\/div>\n\t\t<\/div>\n\t\t\t\t\t<\/div>\n\t\t<\/section>\n\t\t\t\t\t<\/div>\n\t\t<\/div>\n\t\t\t\t\t<\/div>\n\t\t<\/section>\n\t\t\t\t<\/div>\n\t\t","protected":false},"excerpt":{"rendered":"<p>EL DESPATX DE NEO-ESSE A Neo-esse t&#8217;oferim un espai acollidor i minimalista on podr\u00e0s sentir-te c\u00f2mode i segur. El nostre despatx est\u00e0 dissenyat perqu\u00e8 puguis expressar-te sense distraccions i amb la il\u00b7luminaci\u00f3 adequada. Aqu\u00ed podreu trobar un ambient de confian\u00e7a i respecte on us escoltarem i us acompanyarem en el vostre proc\u00e9s terap\u00e8utic. El nostre &#8230; <a title=\"El despatx de Neo Esse\" class=\"read-more\" href=\"https:\/\/neo-esse.com\/ca\/el-despacho-de-neo-esse\" aria-label=\"More on El despatx de Neo Esse\">Leer m\u00e1s<\/a><\/p>\n","protected":false},"author":2,"featured_media":0,"parent":0,"menu_order":0,"comment_status":"closed","ping_status":"closed","template":"","meta":{"footnotes":""},"_links":{"self":[{"href":"https:\/\/neo-esse.com\/ca\/wp-json\/wp\/v2\/pages\/820"}],"collection":[{"href":"https:\/\/neo-esse.com\/ca\/wp-json\/wp\/v2\/pages"}],"about":[{"href":"https:\/\/neo-esse.com\/ca\/wp-json\/wp\/v2\/types\/page"}],"author":[{"embeddable":true,"href":"https:\/\/neo-esse.com\/ca\/wp-json\/wp\/v2\/users\/2"}],"replies":[{"embeddable":true,"href":"https:\/\/neo-esse.com\/ca\/wp-json\/wp\/v2\/comments?post=820"}],"version-history":[{"count":5,"href":"https:\/\/neo-esse.com\/ca\/wp-json\/wp\/v2\/pages\/820\/revisions"}],"predecessor-version":[{"id":825,"href":"https:\/\/neo-esse.com\/ca\/wp-json\/wp\/v2\/pages\/820\/revisions\/825"}],"wp:attachment":[{"href":"https:\/\/neo-esse.com\/ca\/wp-json\/wp\/v2\/media?parent=820"}],"curies":[{"name":"wp","href":"https:\/\/api.w.org\/{rel}","templated":true}]}}