{"id":877,"date":"2023-04-03T14:22:55","date_gmt":"2023-04-03T14:22:55","guid":{"rendered":"https:\/\/neo-esse.com\/?page_id=877"},"modified":"2023-04-03T14:29:18","modified_gmt":"2023-04-03T14:29:18","slug":"terapies-sistemiques","status":"publish","type":"page","link":"https:\/\/neo-esse.com\/ca\/terapies-sistemiques","title":{"rendered":"TERAPIES SIST\u00c8MIQUES"},"content":{"rendered":"\t\t<div data-elementor-type=\"wp-page\" data-elementor-id=\"877\" class=\"elementor elementor-877\">\n\t\t\t\t\t\t<section class=\"elementor-section elementor-top-section elementor-element elementor-element-af402c8 elementor-section-boxed elementor-section-height-default elementor-section-height-default\" data-id=\"af402c8\" data-element_type=\"section\">\n\t\t\t\t\t\t<div class=\"elementor-container elementor-column-gap-default\">\n\t\t\t\t\t<div class=\"elementor-column elementor-col-25 elementor-top-column elementor-element elementor-element-f9c836d\" data-id=\"f9c836d\" data-element_type=\"column\">\n\t\t\t<div class=\"elementor-widget-wrap elementor-element-populated\">\n\t\t\t\t\t\t<div class=\"elementor-element elementor-element-1cb80d9 elementor-widget elementor-widget-image\" data-id=\"1cb80d9\" data-element_type=\"widget\" data-widget_type=\"image.default\">\n\t\t\t\t<div class=\"elementor-widget-container\">\n\t\t\t<style>\/*! elementor - v3.21.0 - 26-05-2024 *\/\n.elementor-widget-image{text-align:center}.elementor-widget-image a{display:inline-block}.elementor-widget-image a img[src$=\".svg\"]{width:48px}.elementor-widget-image img{vertical-align:middle;display:inline-block}<\/style>\t\t\t\t\t\t\t\t\t\t<img fetchpriority=\"high\" decoding=\"async\" width=\"1024\" height=\"1024\" src=\"https:\/\/neo-esse.com\/wp-content\/uploads\/2023\/03\/3-1-1024x1024.png\" class=\"attachment-large size-large wp-image-738\" alt=\"\" srcset=\"https:\/\/neo-esse.com\/wp-content\/uploads\/2023\/03\/3-1-1024x1024.png 1024w, https:\/\/neo-esse.com\/wp-content\/uploads\/2023\/03\/3-1-300x300.png 300w, https:\/\/neo-esse.com\/wp-content\/uploads\/2023\/03\/3-1-150x150.png 150w, https:\/\/neo-esse.com\/wp-content\/uploads\/2023\/03\/3-1-768x768.png 768w, https:\/\/neo-esse.com\/wp-content\/uploads\/2023\/03\/3-1.png 1080w\" sizes=\"(max-width: 1024px) 100vw, 1024px\" \/>\t\t\t\t\t\t\t\t\t\t\t\t\t<\/div>\n\t\t\t\t<\/div>\n\t\t\t\t<div class=\"elementor-element elementor-element-2b5b1e9 elementor-widget elementor-widget-text-editor\" data-id=\"2b5b1e9\" data-element_type=\"widget\" data-widget_type=\"text-editor.default\">\n\t\t\t\t<div class=\"elementor-widget-container\">\n\t\t\t<style>\/*! elementor - v3.21.0 - 26-05-2024 *\/\n.elementor-widget-text-editor.elementor-drop-cap-view-stacked .elementor-drop-cap{background-color:#69727d;color:#fff}.elementor-widget-text-editor.elementor-drop-cap-view-framed .elementor-drop-cap{color:#69727d;border:3px solid;background-color:transparent}.elementor-widget-text-editor:not(.elementor-drop-cap-view-default) .elementor-drop-cap{margin-top:8px}.elementor-widget-text-editor:not(.elementor-drop-cap-view-default) .elementor-drop-cap-letter{width:1em;height:1em}.elementor-widget-text-editor .elementor-drop-cap{float:left;text-align:center;line-height:1;font-size:50px}.elementor-widget-text-editor .elementor-drop-cap-letter{display:inline-block}<\/style>\t\t\t\t<p><a href=\"https:\/\/neo-esse.com\/ca\/terapia-sistemica-familiar\">TERAPIA SIST\u00c8MICA FAMILIAR<\/a><\/p>\t\t\t\t\t\t<\/div>\n\t\t\t\t<\/div>\n\t\t\t\t\t<\/div>\n\t\t<\/div>\n\t\t\t\t<div class=\"elementor-column elementor-col-25 elementor-top-column elementor-element elementor-element-e7d4062\" data-id=\"e7d4062\" data-element_type=\"column\">\n\t\t\t<div class=\"elementor-widget-wrap elementor-element-populated\">\n\t\t\t\t\t\t<div class=\"elementor-element elementor-element-16f3402 elementor-widget elementor-widget-image\" data-id=\"16f3402\" data-element_type=\"widget\" data-widget_type=\"image.default\">\n\t\t\t\t<div class=\"elementor-widget-container\">\n\t\t\t\t\t\t\t\t\t\t\t\t\t<img decoding=\"async\" width=\"1024\" height=\"1024\" src=\"https:\/\/neo-esse.com\/wp-content\/uploads\/2023\/03\/4-1-1024x1024.png\" class=\"attachment-large size-large wp-image-739\" alt=\"\" srcset=\"https:\/\/neo-esse.com\/wp-content\/uploads\/2023\/03\/4-1-1024x1024.png 1024w, https:\/\/neo-esse.com\/wp-content\/uploads\/2023\/03\/4-1-300x300.png 300w, https:\/\/neo-esse.com\/wp-content\/uploads\/2023\/03\/4-1-150x150.png 150w, https:\/\/neo-esse.com\/wp-content\/uploads\/2023\/03\/4-1-768x768.png 768w, https:\/\/neo-esse.com\/wp-content\/uploads\/2023\/03\/4-1.png 1080w\" sizes=\"(max-width: 1024px) 100vw, 1024px\" \/>\t\t\t\t\t\t\t\t\t\t\t\t\t<\/div>\n\t\t\t\t<\/div>\n\t\t\t\t<div class=\"elementor-element elementor-element-95ddea0 elementor-widget elementor-widget-text-editor\" data-id=\"95ddea0\" data-element_type=\"widget\" data-widget_type=\"text-editor.default\">\n\t\t\t\t<div class=\"elementor-widget-container\">\n\t\t\t\t\t\t\t<p><a href=\"https:\/\/neo-esse.com\/ca\/terapia-sistemica-profesional\">TERAPIA SIST\u00c8MICA PROFESSIONAL<\/a><\/p>\t\t\t\t\t\t<\/div>\n\t\t\t\t<\/div>\n\t\t\t\t\t<\/div>\n\t\t<\/div>\n\t\t\t\t<div class=\"elementor-column elementor-col-25 elementor-top-column elementor-element elementor-element-27ce6bb\" data-id=\"27ce6bb\" data-element_type=\"column\">\n\t\t\t<div class=\"elementor-widget-wrap elementor-element-populated\">\n\t\t\t\t\t\t<div class=\"elementor-element elementor-element-4e0b7aa elementor-widget elementor-widget-image\" data-id=\"4e0b7aa\" data-element_type=\"widget\" data-widget_type=\"image.default\">\n\t\t\t\t<div class=\"elementor-widget-container\">\n\t\t\t\t\t\t\t\t\t\t\t\t\t<img decoding=\"async\" width=\"1024\" height=\"1024\" src=\"https:\/\/neo-esse.com\/wp-content\/uploads\/2023\/03\/5-1-1024x1024.png\" class=\"attachment-large size-large wp-image-740\" alt=\"\" srcset=\"https:\/\/neo-esse.com\/wp-content\/uploads\/2023\/03\/5-1-1024x1024.png 1024w, https:\/\/neo-esse.com\/wp-content\/uploads\/2023\/03\/5-1-300x300.png 300w, https:\/\/neo-esse.com\/wp-content\/uploads\/2023\/03\/5-1-150x150.png 150w, https:\/\/neo-esse.com\/wp-content\/uploads\/2023\/03\/5-1-768x768.png 768w, https:\/\/neo-esse.com\/wp-content\/uploads\/2023\/03\/5-1.png 1080w\" sizes=\"(max-width: 1024px) 100vw, 1024px\" \/>\t\t\t\t\t\t\t\t\t\t\t\t\t<\/div>\n\t\t\t\t<\/div>\n\t\t\t\t<div class=\"elementor-element elementor-element-1bc8aee elementor-widget elementor-widget-text-editor\" data-id=\"1bc8aee\" data-element_type=\"widget\" data-widget_type=\"text-editor.default\">\n\t\t\t\t<div class=\"elementor-widget-container\">\n\t\t\t\t\t\t\t<p><a href=\"https:\/\/neo-esse.com\/ca\/constelaciones-familiares-y-sistemicas\">CONSTELACIONS FAMILIARS<\/a><\/p>\t\t\t\t\t\t<\/div>\n\t\t\t\t<\/div>\n\t\t\t\t\t<\/div>\n\t\t<\/div>\n\t\t\t\t<div class=\"elementor-column elementor-col-25 elementor-top-column elementor-element elementor-element-4da8525\" data-id=\"4da8525\" data-element_type=\"column\">\n\t\t\t<div class=\"elementor-widget-wrap elementor-element-populated\">\n\t\t\t\t\t\t<div class=\"elementor-element elementor-element-d041054 elementor-widget elementor-widget-image\" data-id=\"d041054\" data-element_type=\"widget\" data-widget_type=\"image.default\">\n\t\t\t\t<div class=\"elementor-widget-container\">\n\t\t\t\t\t\t\t\t\t\t\t\t\t<img loading=\"lazy\" decoding=\"async\" width=\"1024\" height=\"1024\" src=\"https:\/\/neo-esse.com\/wp-content\/uploads\/2023\/03\/6-1-1024x1024.png\" class=\"attachment-large size-large wp-image-735\" alt=\"\" srcset=\"https:\/\/neo-esse.com\/wp-content\/uploads\/2023\/03\/6-1-1024x1024.png 1024w, https:\/\/neo-esse.com\/wp-content\/uploads\/2023\/03\/6-1-300x300.png 300w, https:\/\/neo-esse.com\/wp-content\/uploads\/2023\/03\/6-1-150x150.png 150w, https:\/\/neo-esse.com\/wp-content\/uploads\/2023\/03\/6-1-768x768.png 768w, https:\/\/neo-esse.com\/wp-content\/uploads\/2023\/03\/6-1.png 1080w\" sizes=\"(max-width: 1024px) 100vw, 1024px\" \/>\t\t\t\t\t\t\t\t\t\t\t\t\t<\/div>\n\t\t\t\t<\/div>\n\t\t\t\t<div class=\"elementor-element elementor-element-eba8070 elementor-widget elementor-widget-text-editor\" data-id=\"eba8070\" data-element_type=\"widget\" data-widget_type=\"text-editor.default\">\n\t\t\t\t<div class=\"elementor-widget-container\">\n\t\t\t\t\t\t\t<p><a href=\"https:\/\/neo-esse.com\/ca\/terapia-infantil\">TER\u00c0PIA INFANTIL<\/a><\/p>\t\t\t\t\t\t<\/div>\n\t\t\t\t<\/div>\n\t\t\t\t\t<\/div>\n\t\t<\/div>\n\t\t\t\t\t<\/div>\n\t\t<\/section>\n\t\t\t\t<\/div>\n\t\t","protected":false},"excerpt":{"rendered":"<p>TERAPIA SIST\u00c8MICA FAMILIAR TERAPIA SIST\u00c8MICA PROFESSIONAL CONSTELACIONS FAMILIARS TER\u00c0PIA INFANTIL<\/p>\n","protected":false},"author":2,"featured_media":0,"parent":0,"menu_order":0,"comment_status":"closed","ping_status":"closed","template":"","meta":{"footnotes":""},"_links":{"self":[{"href":"https:\/\/neo-esse.com\/ca\/wp-json\/wp\/v2\/pages\/877"}],"collection":[{"href":"https:\/\/neo-esse.com\/ca\/wp-json\/wp\/v2\/pages"}],"about":[{"href":"https:\/\/neo-esse.com\/ca\/wp-json\/wp\/v2\/types\/page"}],"author":[{"embeddable":true,"href":"https:\/\/neo-esse.com\/ca\/wp-json\/wp\/v2\/users\/2"}],"replies":[{"embeddable":true,"href":"https:\/\/neo-esse.com\/ca\/wp-json\/wp\/v2\/comments?post=877"}],"version-history":[{"count":5,"href":"https:\/\/neo-esse.com\/ca\/wp-json\/wp\/v2\/pages\/877\/revisions"}],"predecessor-version":[{"id":882,"href":"https:\/\/neo-esse.com\/ca\/wp-json\/wp\/v2\/pages\/877\/revisions\/882"}],"wp:attachment":[{"href":"https:\/\/neo-esse.com\/ca\/wp-json\/wp\/v2\/media?parent=877"}],"curies":[{"name":"wp","href":"https:\/\/api.w.org\/{rel}","templated":true}]}}