{"id":916,"date":"2023-10-19T11:33:00","date_gmt":"2023-10-19T11:33:00","guid":{"rendered":"https:\/\/neo-esse.com\/?page_id=916"},"modified":"2023-10-19T14:20:43","modified_gmt":"2023-10-19T14:20:43","slug":"bye-bye-al%c2%b7lergies","status":"publish","type":"page","link":"https:\/\/neo-esse.com\/ca\/bye-bye-al%c2%b7lergies","title":{"rendered":"BYE BYE AL\u00b7L\u00c8RGIES"},"content":{"rendered":"\t\t<div data-elementor-type=\"wp-page\" data-elementor-id=\"916\" class=\"elementor elementor-916\">\n\t\t\t\t\t\t<section class=\"elementor-section elementor-top-section elementor-element elementor-element-7088554 elementor-section-full_width elementor-section-stretched elementor-section-height-default elementor-section-height-default\" data-id=\"7088554\" data-element_type=\"section\" data-settings=\"{&quot;stretch_section&quot;:&quot;section-stretched&quot;,&quot;background_background&quot;:&quot;classic&quot;}\">\n\t\t\t\t\t\t\t<div class=\"elementor-background-overlay\"><\/div>\n\t\t\t\t\t\t\t<div class=\"elementor-container elementor-column-gap-default\">\n\t\t\t\t\t<div class=\"elementor-column elementor-col-100 elementor-top-column elementor-element elementor-element-1c74803\" data-id=\"1c74803\" data-element_type=\"column\">\n\t\t\t<div class=\"elementor-widget-wrap elementor-element-populated\">\n\t\t\t\t\t\t<section class=\"elementor-section elementor-inner-section elementor-element elementor-element-e4fc9a2 elementor-section-boxed elementor-section-height-default elementor-section-height-default\" data-id=\"e4fc9a2\" data-element_type=\"section\">\n\t\t\t\t\t\t<div class=\"elementor-container elementor-column-gap-default\">\n\t\t\t\t\t<div class=\"elementor-column elementor-col-100 elementor-inner-column elementor-element elementor-element-6ec9112\" data-id=\"6ec9112\" data-element_type=\"column\">\n\t\t\t<div class=\"elementor-widget-wrap elementor-element-populated\">\n\t\t\t\t\t\t<div class=\"elementor-element elementor-element-09ea2ad elementor-widget elementor-widget-spacer\" data-id=\"09ea2ad\" data-element_type=\"widget\" data-widget_type=\"spacer.default\">\n\t\t\t\t<div class=\"elementor-widget-container\">\n\t\t\t<style>\/*! elementor - v3.21.0 - 26-05-2024 *\/\n.elementor-column .elementor-spacer-inner{height:var(--spacer-size)}.e-con{--container-widget-width:100%}.e-con-inner>.elementor-widget-spacer,.e-con>.elementor-widget-spacer{width:var(--container-widget-width,var(--spacer-size));--align-self:var(--container-widget-align-self,initial);--flex-shrink:0}.e-con-inner>.elementor-widget-spacer>.elementor-widget-container,.e-con>.elementor-widget-spacer>.elementor-widget-container{height:100%;width:100%}.e-con-inner>.elementor-widget-spacer>.elementor-widget-container>.elementor-spacer,.e-con>.elementor-widget-spacer>.elementor-widget-container>.elementor-spacer{height:100%}.e-con-inner>.elementor-widget-spacer>.elementor-widget-container>.elementor-spacer>.elementor-spacer-inner,.e-con>.elementor-widget-spacer>.elementor-widget-container>.elementor-spacer>.elementor-spacer-inner{height:var(--container-widget-height,var(--spacer-size))}.e-con-inner>.elementor-widget-spacer.elementor-widget-empty,.e-con>.elementor-widget-spacer.elementor-widget-empty{position:relative;min-height:22px;min-width:22px}.e-con-inner>.elementor-widget-spacer.elementor-widget-empty .elementor-widget-empty-icon,.e-con>.elementor-widget-spacer.elementor-widget-empty .elementor-widget-empty-icon{position:absolute;top:0;bottom:0;left:0;right:0;margin:auto;padding:0;width:22px;height:22px}<\/style>\t\t<div class=\"elementor-spacer\">\n\t\t\t<div class=\"elementor-spacer-inner\"><\/div>\n\t\t<\/div>\n\t\t\t\t<\/div>\n\t\t\t\t<\/div>\n\t\t\t\t<div class=\"elementor-element elementor-element-2a55df8 elementor-widget elementor-widget-heading\" data-id=\"2a55df8\" data-element_type=\"widget\" data-widget_type=\"heading.default\">\n\t\t\t\t<div class=\"elementor-widget-container\">\n\t\t\t<style>\/*! elementor - v3.21.0 - 26-05-2024 *\/\n.elementor-heading-title{padding:0;margin:0;line-height:1}.elementor-widget-heading .elementor-heading-title[class*=elementor-size-]>a{color:inherit;font-size:inherit;line-height:inherit}.elementor-widget-heading .elementor-heading-title.elementor-size-small{font-size:15px}.elementor-widget-heading .elementor-heading-title.elementor-size-medium{font-size:19px}.elementor-widget-heading .elementor-heading-title.elementor-size-large{font-size:29px}.elementor-widget-heading .elementor-heading-title.elementor-size-xl{font-size:39px}.elementor-widget-heading .elementor-heading-title.elementor-size-xxl{font-size:59px}<\/style><h1 class=\"elementor-heading-title elementor-size-default\">BYE BYE AL\u00b7L\u00c8RGIES<\/h1>\t\t<\/div>\n\t\t\t\t<\/div>\n\t\t\t\t<div class=\"elementor-element elementor-element-a56af96 elementor-widget elementor-widget-text-editor\" data-id=\"a56af96\" data-element_type=\"widget\" data-widget_type=\"text-editor.default\">\n\t\t\t\t<div class=\"elementor-widget-container\">\n\t\t\t<style>\/*! elementor - v3.21.0 - 26-05-2024 *\/\n.elementor-widget-text-editor.elementor-drop-cap-view-stacked .elementor-drop-cap{background-color:#69727d;color:#fff}.elementor-widget-text-editor.elementor-drop-cap-view-framed .elementor-drop-cap{color:#69727d;border:3px solid;background-color:transparent}.elementor-widget-text-editor:not(.elementor-drop-cap-view-default) .elementor-drop-cap{margin-top:8px}.elementor-widget-text-editor:not(.elementor-drop-cap-view-default) .elementor-drop-cap-letter{width:1em;height:1em}.elementor-widget-text-editor .elementor-drop-cap{float:left;text-align:center;line-height:1;font-size:50px}.elementor-widget-text-editor .elementor-drop-cap-letter{display:inline-block}<\/style>\t\t\t\t<p>Bye-bye al\u00b7l\u00e8rgies \u00e9s una t\u00e8cnica que permet eliminar les al\u00b7l\u00e8rgies, intoler\u00e0ncies i sensibilitats, siguin del tipus aliment\u00e0ries, mediambientals i\/o psicol\u00f2giques\/emocionals.<\/p><p>Aquesta t\u00e8cnica va ser desenvolupada per Fran\u00e7oise i Fran\u00e7ois Munsch i es basa en la kinesiologia, medicina natural xinesa, osteopatia, naturopatia i suport psicoterap\u00e8utic.<\/p><p>\u00c9s un m\u00e8tode que fa molts anys que \u00e9s a Fran\u00e7a, Su\u00efssa, It\u00e0lia i que acaba d&#8217;arribar a Espanya.<\/p>\t\t\t\t\t\t<\/div>\n\t\t\t\t<\/div>\n\t\t\t\t\t<\/div>\n\t\t<\/div>\n\t\t\t\t\t<\/div>\n\t\t<\/section>\n\t\t\t\t\t<\/div>\n\t\t<\/div>\n\t\t\t\t\t<\/div>\n\t\t<\/section>\n\t\t\t\t<section class=\"elementor-section elementor-top-section elementor-element elementor-element-f566746 elementor-section-boxed elementor-section-height-default elementor-section-height-default\" data-id=\"f566746\" data-element_type=\"section\">\n\t\t\t\t\t\t<div class=\"elementor-container elementor-column-gap-default\">\n\t\t\t\t\t<div class=\"elementor-column elementor-col-50 elementor-top-column elementor-element elementor-element-e1696d1\" data-id=\"e1696d1\" data-element_type=\"column\">\n\t\t\t<div class=\"elementor-widget-wrap elementor-element-populated\">\n\t\t\t\t\t\t<div class=\"elementor-element elementor-element-dc3dd8d elementor-widget elementor-widget-spacer\" data-id=\"dc3dd8d\" data-element_type=\"widget\" data-widget_type=\"spacer.default\">\n\t\t\t\t<div class=\"elementor-widget-container\">\n\t\t\t\t\t<div class=\"elementor-spacer\">\n\t\t\t<div class=\"elementor-spacer-inner\"><\/div>\n\t\t<\/div>\n\t\t\t\t<\/div>\n\t\t\t\t<\/div>\n\t\t\t\t<div class=\"elementor-element elementor-element-1244a12 elementor-widget elementor-widget-image\" data-id=\"1244a12\" data-element_type=\"widget\" data-widget_type=\"image.default\">\n\t\t\t\t<div class=\"elementor-widget-container\">\n\t\t\t<style>\/*! elementor - v3.21.0 - 26-05-2024 *\/\n.elementor-widget-image{text-align:center}.elementor-widget-image a{display:inline-block}.elementor-widget-image a img[src$=\".svg\"]{width:48px}.elementor-widget-image img{vertical-align:middle;display:inline-block}<\/style>\t\t\t\t\t\t\t\t\t\t<img fetchpriority=\"high\" decoding=\"async\" width=\"1024\" height=\"683\" src=\"https:\/\/neo-esse.com\/wp-content\/uploads\/2023\/10\/alergia-bye-bye-1024x683.jpg\" class=\"attachment-large size-large wp-image-912\" alt=\"\" srcset=\"https:\/\/neo-esse.com\/wp-content\/uploads\/2023\/10\/alergia-bye-bye-1024x683.jpg 1024w, https:\/\/neo-esse.com\/wp-content\/uploads\/2023\/10\/alergia-bye-bye-300x200.jpg 300w, https:\/\/neo-esse.com\/wp-content\/uploads\/2023\/10\/alergia-bye-bye-768x512.jpg 768w, https:\/\/neo-esse.com\/wp-content\/uploads\/2023\/10\/alergia-bye-bye-1536x1024.jpg 1536w, https:\/\/neo-esse.com\/wp-content\/uploads\/2023\/10\/alergia-bye-bye-2048x1365.jpg 2048w\" sizes=\"(max-width: 1024px) 100vw, 1024px\" \/>\t\t\t\t\t\t\t\t\t\t\t\t\t<\/div>\n\t\t\t\t<\/div>\n\t\t\t\t\t<\/div>\n\t\t<\/div>\n\t\t\t\t<div class=\"elementor-column elementor-col-50 elementor-top-column elementor-element elementor-element-11f9caa\" data-id=\"11f9caa\" data-element_type=\"column\">\n\t\t\t<div class=\"elementor-widget-wrap elementor-element-populated\">\n\t\t\t\t\t\t<div class=\"elementor-element elementor-element-a9bcbf3 elementor-widget elementor-widget-text-editor\" data-id=\"a9bcbf3\" data-element_type=\"widget\" data-widget_type=\"text-editor.default\">\n\t\t\t\t<div class=\"elementor-widget-container\">\n\t\t\t\t\t\t\t<p>Els seus principis es fonamenten que el fenomen al\u00b7l\u00e8rgic constitueix una resposta err\u00f2nia del cos a una o m\u00e9s subst\u00e0ncies. Tot i que per a la majoria de les persones aquestes subst\u00e0ncies no presenten cap problema, en persones amb al\u00b7l\u00e8rgies provoquen intoler\u00e0ncia que es manifesta com a disfunci\u00f3 de la immunitat.<\/p><p>El cos reconeix la subst\u00e0ncia com un intr\u00fas = un al\u00b7lergen, i es defensa desencadenant una resposta immune excessiva. El m\u00e8tode Bye-Bye Al\u00b7l\u00e8rgies considera que aquest desequilibri podria agreujar-se amb l&#8217;estr\u00e8s, els traumes i les situacions conflictives, que debiliten la capacitat d&#8217;autoregulaci\u00f3 del cos i n&#8217;alteren el metabolisme.<\/p><p>El m\u00e8tode Bye-Bye Al\u00b7l\u00e8rgies proposa corregir aquest desequilibri activant els meridians, ells mateixos es connecten a la mem\u00f2ria del cos gr\u00e0cies a l&#8217;aigua que cont\u00e9.<br \/>El treball energ\u00e8tic funciona llavors com una reprogramaci\u00f3 del model de defensa: elimina la informaci\u00f3 err\u00f2nia del sistema i recolza l&#8217;home\u00f2stasi natural.<\/p><p>Bye-Bye al\u00b7l\u00e8rgies poden tractar intoler\u00e0ncies aliment\u00e0ries, asma, \u00e8czemes, rinitis al\u00b7l\u00e8rgiques, trastorns digestius o hormonals, malalties ORL cr\u00f2niques o fins i tot al\u00b7l\u00e8rgies als \u00e0cars de la pols i als p\u00e8ls dels animals. Tamb\u00e9 seria \u00fatil per tractar bloquejos energ\u00e8tics de car\u00e0cter psicol\u00f2gic que poden provocar una reacci\u00f3 al\u00b7l\u00e8rgica.<\/p><p>La sessi\u00f3 consisteix en una prova de to muscular o una mida del pols segons l&#8217;enfocament natural de la medicina tradicional xinesa. El professional estimula els punts d\u02bbacupuntura. Paral\u00b7lelament a aquestes pressions, la persona es posa en contacte amb mostres de la subst\u00e0ncia o grup de subst\u00e0ncies al\u00b7lerg\u00e8niques a eliminar.<\/p><p>Despr\u00e9s de cada sessi\u00f3, es demana a la persona que respecti un per\u00edode d&#8217;eliminaci\u00f3 d&#8217;al\u00b7lerg\u00f2gens de 25 hores per promoure el registre immunitari de la informaci\u00f3 i l&#8217;eliminaci\u00f3 completa de toxines.<br \/>Des de la primera sessi\u00f3 es comen\u00e7a a treballar sobre el terreny (el cos) i la persona ja comen\u00e7a a notar milloran\u00e7a.<\/p>\t\t\t\t\t\t<\/div>\n\t\t\t\t<\/div>\n\t\t\t\t\t<\/div>\n\t\t<\/div>\n\t\t\t\t\t<\/div>\n\t\t<\/section>\n\t\t\t\t<\/div>\n\t\t","protected":false},"excerpt":{"rendered":"<p>BYE BYE AL\u00b7L\u00c8RGIES Bye-bye al\u00b7l\u00e8rgies \u00e9s una t\u00e8cnica que permet eliminar les al\u00b7l\u00e8rgies, intoler\u00e0ncies i sensibilitats, siguin del tipus aliment\u00e0ries, mediambientals i\/o psicol\u00f2giques\/emocionals. Aquesta t\u00e8cnica va ser desenvolupada per Fran\u00e7oise i Fran\u00e7ois Munsch i es basa en la kinesiologia, medicina natural xinesa, osteopatia, naturopatia i suport psicoterap\u00e8utic. \u00c9s un m\u00e8tode que fa molts anys que &#8230; <a title=\"BYE BYE AL\u00b7L\u00c8RGIES\" class=\"read-more\" href=\"https:\/\/neo-esse.com\/ca\/bye-bye-al%c2%b7lergies\" aria-label=\"More on BYE BYE AL\u00b7L\u00c8RGIES\">Leer m\u00e1s<\/a><\/p>\n","protected":false},"author":2,"featured_media":0,"parent":0,"menu_order":0,"comment_status":"closed","ping_status":"closed","template":"","meta":{"footnotes":""},"_links":{"self":[{"href":"https:\/\/neo-esse.com\/ca\/wp-json\/wp\/v2\/pages\/916"}],"collection":[{"href":"https:\/\/neo-esse.com\/ca\/wp-json\/wp\/v2\/pages"}],"about":[{"href":"https:\/\/neo-esse.com\/ca\/wp-json\/wp\/v2\/types\/page"}],"author":[{"embeddable":true,"href":"https:\/\/neo-esse.com\/ca\/wp-json\/wp\/v2\/users\/2"}],"replies":[{"embeddable":true,"href":"https:\/\/neo-esse.com\/ca\/wp-json\/wp\/v2\/comments?post=916"}],"version-history":[{"count":7,"href":"https:\/\/neo-esse.com\/ca\/wp-json\/wp\/v2\/pages\/916\/revisions"}],"predecessor-version":[{"id":923,"href":"https:\/\/neo-esse.com\/ca\/wp-json\/wp\/v2\/pages\/916\/revisions\/923"}],"wp:attachment":[{"href":"https:\/\/neo-esse.com\/ca\/wp-json\/wp\/v2\/media?parent=916"}],"curies":[{"name":"wp","href":"https:\/\/api.w.org\/{rel}","templated":true}]}}